{"id":11182,"date":"2024-12-04T23:29:53","date_gmt":"2024-12-04T23:29:53","guid":{"rendered":"https:\/\/eltiosam.com.mx\/?post_type=product&#038;p=11182"},"modified":"2024-12-04T23:34:23","modified_gmt":"2024-12-04T23:34:23","slug":"microondas-1-6p3-kitchen-aidkmcs122rps","status":"publish","type":"product","link":"https:\/\/eltiosam.com.mx\/index.php\/product\/microondas-1-6p3-kitchen-aidkmcs122rps\/","title":{"rendered":"MICROONDAS 1.6P3 KITCHEN AID\tKMCS122RPS"},"content":{"rendered":"<p><strong>Descripci\u00f3n<\/strong>:<\/p>\n<div class=\"flex-shrink-0 flex flex-col relative items-end\">\n<div>\n<div class=\"pt-0\">\n<div class=\"gizmo-bot-avatar flex h-8 w-8 items-center justify-center overflow-hidden rounded-full\"><\/div>\n<\/div>\n<\/div>\n<\/div>\n<div class=\"group\/conversation-turn relative flex w-full min-w-0 flex-col agent-turn\">\n<div class=\"flex-col gap-1 md:gap-3\">\n<div class=\"flex max-w-full flex-col flex-grow\">\n<div class=\"min-h-8 text-message flex w-full flex-col items-end gap-2 whitespace-normal break-words [.text-message+&amp;]:mt-5\" dir=\"auto\" data-message-author-role=\"assistant\" data-message-id=\"65f681fb-d8cd-4f2d-8597-a317e0ff76bf\" data-message-model-slug=\"gpt-4o-mini\">\n<div class=\"flex w-full flex-col gap-1 empty:hidden first:pt-[3px]\">\n<div class=\"markdown prose w-full break-words dark:prose-invert light\">\n<p>El <strong>horno de microondas KitchenAid KMCS122RPS<\/strong> de 1.6 pies c\u00fabicos combina dise\u00f1o sofisticado y rendimiento excepcional. Con su elegante acabado en acero inoxidable resistente a huellas, este microondas ofrece amplio espacio interior, ideal para calentar, descongelar o cocinar con rapidez y precisi\u00f3n. Sus controles intuitivos y funciones preprogramadas aseguran resultados consistentes y facilidad de uso.<\/p>\n<\/div>\n<\/div>\n<\/div>\n<\/div>\n<\/div>\n<\/div>\n","protected":false},"excerpt":{"rendered":"<p>Descripci\u00f3n: El horno de microondas KitchenAid KMCS122RPS de 1.6 pies c\u00fabicos combina dise\u00f1o sofisticado y rendimiento excepcional. Con su elegante acabado en acero inoxidable resistente a huellas, este microondas ofrece amplio espacio interior, ideal para calentar, descongelar o cocinar con rapidez y precisi\u00f3n. Sus controles intuitivos y funciones preprogramadas aseguran resultados consistentes y facilidad de [&hellip;]<\/p>\n","protected":false},"featured_media":11183,"template":"","meta":{"_joinchat":[]},"product_brand":[],"product_cat":[184],"product_tag":[39],"class_list":{"0":"post-11182","1":"product","2":"type-product","3":"status-publish","4":"has-post-thumbnail","6":"product_cat-microondas","7":"product_tag-kitchen-aid","9":"first","10":"instock","11":"shipping-taxable","12":"product-type-simple"},"_links":{"self":[{"href":"https:\/\/eltiosam.com.mx\/index.php\/wp-json\/wp\/v2\/product\/11182","targetHints":{"allow":["GET"]}}],"collection":[{"href":"https:\/\/eltiosam.com.mx\/index.php\/wp-json\/wp\/v2\/product"}],"about":[{"href":"https:\/\/eltiosam.com.mx\/index.php\/wp-json\/wp\/v2\/types\/product"}],"wp:featuredmedia":[{"embeddable":true,"href":"https:\/\/eltiosam.com.mx\/index.php\/wp-json\/wp\/v2\/media\/11183"}],"wp:attachment":[{"href":"https:\/\/eltiosam.com.mx\/index.php\/wp-json\/wp\/v2\/media?parent=11182"}],"wp:term":[{"taxonomy":"product_brand","embeddable":true,"href":"https:\/\/eltiosam.com.mx\/index.php\/wp-json\/wp\/v2\/product_brand?post=11182"},{"taxonomy":"product_cat","embeddable":true,"href":"https:\/\/eltiosam.com.mx\/index.php\/wp-json\/wp\/v2\/product_cat?post=11182"},{"taxonomy":"product_tag","embeddable":true,"href":"https:\/\/eltiosam.com.mx\/index.php\/wp-json\/wp\/v2\/product_tag?post=11182"}],"curies":[{"name":"wp","href":"https:\/\/api.w.org\/{rel}","templated":true}]}}