{"id":11176,"date":"2024-12-04T23:22:47","date_gmt":"2024-12-04T23:22:47","guid":{"rendered":"https:\/\/eltiosam.com.mx\/?post_type=product&#038;p=11176"},"modified":"2024-12-04T23:26:07","modified_gmt":"2024-12-04T23:26:07","slug":"horno-elect-30-kitchen-aidkoes530pps","status":"publish","type":"product","link":"https:\/\/eltiosam.com.mx\/index.php\/product\/horno-elect-30-kitchen-aidkoes530pps\/","title":{"rendered":"HORNO ELECT. 30&#8243; KITCHEN AID\tKOES530PPS"},"content":{"rendered":"<p><strong>Descripci\u00f3n:<\/strong><\/p>\n<p>El <strong>horno el\u00e9ctrico KitchenAid KOES530PPS<\/strong> de 30 pulgadas es la combinaci\u00f3n perfecta de elegancia, innovaci\u00f3n y desempe\u00f1o culinario. Su dise\u00f1o moderno en acero inoxidable con acabado resistente a huellas lo hace ideal para cocinas sofisticadas. Ofrece funciones avanzadas como convecci\u00f3n para una cocci\u00f3n uniforme, controles intuitivos y capacidad espaciosa, perfecta para platillos grandes o m\u00faltiples preparaciones a la vez.<\/p>\n","protected":false},"excerpt":{"rendered":"<p>Descripci\u00f3n: El horno el\u00e9ctrico KitchenAid KOES530PPS de 30 pulgadas es la combinaci\u00f3n perfecta de elegancia, innovaci\u00f3n y desempe\u00f1o culinario. Su dise\u00f1o moderno en acero inoxidable con acabado resistente a huellas lo hace ideal para cocinas sofisticadas. Ofrece funciones avanzadas como convecci\u00f3n para una cocci\u00f3n uniforme, controles intuitivos y capacidad espaciosa, perfecta para platillos grandes o [&hellip;]<\/p>\n","protected":false},"featured_media":11177,"template":"","meta":{"_joinchat":[]},"product_brand":[],"product_cat":[175],"product_tag":[39],"class_list":{"0":"post-11176","1":"product","2":"type-product","3":"status-publish","4":"has-post-thumbnail","6":"product_cat-hornos","7":"product_tag-kitchen-aid","9":"first","10":"instock","11":"shipping-taxable","12":"product-type-simple"},"_links":{"self":[{"href":"https:\/\/eltiosam.com.mx\/index.php\/wp-json\/wp\/v2\/product\/11176","targetHints":{"allow":["GET"]}}],"collection":[{"href":"https:\/\/eltiosam.com.mx\/index.php\/wp-json\/wp\/v2\/product"}],"about":[{"href":"https:\/\/eltiosam.com.mx\/index.php\/wp-json\/wp\/v2\/types\/product"}],"wp:featuredmedia":[{"embeddable":true,"href":"https:\/\/eltiosam.com.mx\/index.php\/wp-json\/wp\/v2\/media\/11177"}],"wp:attachment":[{"href":"https:\/\/eltiosam.com.mx\/index.php\/wp-json\/wp\/v2\/media?parent=11176"}],"wp:term":[{"taxonomy":"product_brand","embeddable":true,"href":"https:\/\/eltiosam.com.mx\/index.php\/wp-json\/wp\/v2\/product_brand?post=11176"},{"taxonomy":"product_cat","embeddable":true,"href":"https:\/\/eltiosam.com.mx\/index.php\/wp-json\/wp\/v2\/product_cat?post=11176"},{"taxonomy":"product_tag","embeddable":true,"href":"https:\/\/eltiosam.com.mx\/index.php\/wp-json\/wp\/v2\/product_tag?post=11176"}],"curies":[{"name":"wp","href":"https:\/\/api.w.org\/{rel}","templated":true}]}}