{"id":11162,"date":"2024-12-04T23:09:49","date_gmt":"2024-12-04T23:09:49","guid":{"rendered":"https:\/\/eltiosam.com.mx\/?post_type=product&#038;p=11162"},"modified":"2024-12-04T23:12:06","modified_gmt":"2024-12-04T23:12:06","slug":"parrillas-kitchen-aidkcgs256kss","status":"publish","type":"product","link":"https:\/\/eltiosam.com.mx\/index.php\/product\/parrillas-kitchen-aidkcgs256kss\/","title":{"rendered":"PARRILLAS KITCHEN AID\tKCGS256KSS"},"content":{"rendered":"<p><strong>Descripci\u00f3n:<\/strong><\/p>\n<p>Redefine tu experiencia culinaria con la parrilla de gas <strong>KitchenAid KCGS256KSS<\/strong> de 36 pulgadas. Con su dise\u00f1o elegante en acero inoxidable y cinco quemadores de alto rendimiento, esta parrilla ofrece la combinaci\u00f3n perfecta de funcionalidad y estilo para cocinas modernas.<\/p>\n","protected":false},"excerpt":{"rendered":"<p>Descripci\u00f3n: Redefine tu experiencia culinaria con la parrilla de gas KitchenAid KCGS256KSS de 36 pulgadas. Con su dise\u00f1o elegante en acero inoxidable y cinco quemadores de alto rendimiento, esta parrilla ofrece la combinaci\u00f3n perfecta de funcionalidad y estilo para cocinas modernas.<\/p>\n","protected":false},"featured_media":11163,"template":"","meta":{"_joinchat":[]},"product_brand":[],"product_cat":[29,46],"product_tag":[39],"class_list":{"0":"post-11162","1":"product","2":"type-product","3":"status-publish","4":"has-post-thumbnail","6":"product_cat-coccion","7":"product_cat-parrilla","8":"product_tag-kitchen-aid","10":"first","11":"instock","12":"shipping-taxable","13":"product-type-simple"},"_links":{"self":[{"href":"https:\/\/eltiosam.com.mx\/index.php\/wp-json\/wp\/v2\/product\/11162","targetHints":{"allow":["GET"]}}],"collection":[{"href":"https:\/\/eltiosam.com.mx\/index.php\/wp-json\/wp\/v2\/product"}],"about":[{"href":"https:\/\/eltiosam.com.mx\/index.php\/wp-json\/wp\/v2\/types\/product"}],"wp:featuredmedia":[{"embeddable":true,"href":"https:\/\/eltiosam.com.mx\/index.php\/wp-json\/wp\/v2\/media\/11163"}],"wp:attachment":[{"href":"https:\/\/eltiosam.com.mx\/index.php\/wp-json\/wp\/v2\/media?parent=11162"}],"wp:term":[{"taxonomy":"product_brand","embeddable":true,"href":"https:\/\/eltiosam.com.mx\/index.php\/wp-json\/wp\/v2\/product_brand?post=11162"},{"taxonomy":"product_cat","embeddable":true,"href":"https:\/\/eltiosam.com.mx\/index.php\/wp-json\/wp\/v2\/product_cat?post=11162"},{"taxonomy":"product_tag","embeddable":true,"href":"https:\/\/eltiosam.com.mx\/index.php\/wp-json\/wp\/v2\/product_tag?post=11162"}],"curies":[{"name":"wp","href":"https:\/\/api.w.org\/{rel}","templated":true}]}}