{"id":11156,"date":"2024-12-04T23:01:35","date_gmt":"2024-12-04T23:01:35","guid":{"rendered":"https:\/\/eltiosam.com.mx\/?post_type=product&#038;p=11156"},"modified":"2024-12-04T23:06:20","modified_gmt":"2024-12-04T23:06:20","slug":"lavavajillas-kitchen-aidkdte204kps","status":"publish","type":"product","link":"https:\/\/eltiosam.com.mx\/index.php\/product\/lavavajillas-kitchen-aidkdte204kps\/","title":{"rendered":"LAVAVAJILLAS KITCHEN AID\tKDTE204KPS"},"content":{"rendered":"<p><strong>Descripci\u00f3n:<\/strong><\/p>\n<p>Este elegante lavavajillas de acero inoxidable, con capacidad para 13 servicios, combina dise\u00f1o moderno y tecnolog\u00eda avanzada. Su funcionamiento ultra silencioso (39 dBA), panel oculto, y materiales premium como el interior de acero inoxidable garantizan durabilidad y estilo. Con m\u00faltiples ciclos y un sistema inteligente de limpieza, asegura resultados impecables mientras ahorra agua y energ\u00eda gracias a su certificaci\u00f3n ENERGY STAR.<\/p>\n","protected":false},"excerpt":{"rendered":"<p>Descripci\u00f3n: Este elegante lavavajillas de acero inoxidable, con capacidad para 13 servicios, combina dise\u00f1o moderno y tecnolog\u00eda avanzada. Su funcionamiento ultra silencioso (39 dBA), panel oculto, y materiales premium como el interior de acero inoxidable garantizan durabilidad y estilo. Con m\u00faltiples ciclos y un sistema inteligente de limpieza, asegura resultados impecables mientras ahorra agua y [&hellip;]<\/p>\n","protected":false},"featured_media":11157,"template":"","meta":{"_joinchat":[]},"product_brand":[],"product_cat":[43],"product_tag":[39],"class_list":{"0":"post-11156","1":"product","2":"type-product","3":"status-publish","4":"has-post-thumbnail","6":"product_cat-lavavajillas","7":"product_tag-kitchen-aid","9":"first","10":"instock","11":"shipping-taxable","12":"product-type-simple"},"_links":{"self":[{"href":"https:\/\/eltiosam.com.mx\/index.php\/wp-json\/wp\/v2\/product\/11156","targetHints":{"allow":["GET"]}}],"collection":[{"href":"https:\/\/eltiosam.com.mx\/index.php\/wp-json\/wp\/v2\/product"}],"about":[{"href":"https:\/\/eltiosam.com.mx\/index.php\/wp-json\/wp\/v2\/types\/product"}],"wp:featuredmedia":[{"embeddable":true,"href":"https:\/\/eltiosam.com.mx\/index.php\/wp-json\/wp\/v2\/media\/11157"}],"wp:attachment":[{"href":"https:\/\/eltiosam.com.mx\/index.php\/wp-json\/wp\/v2\/media?parent=11156"}],"wp:term":[{"taxonomy":"product_brand","embeddable":true,"href":"https:\/\/eltiosam.com.mx\/index.php\/wp-json\/wp\/v2\/product_brand?post=11156"},{"taxonomy":"product_cat","embeddable":true,"href":"https:\/\/eltiosam.com.mx\/index.php\/wp-json\/wp\/v2\/product_cat?post=11156"},{"taxonomy":"product_tag","embeddable":true,"href":"https:\/\/eltiosam.com.mx\/index.php\/wp-json\/wp\/v2\/product_tag?post=11156"}],"curies":[{"name":"wp","href":"https:\/\/api.w.org\/{rel}","templated":true}]}}