{"id":11137,"date":"2024-11-27T23:52:47","date_gmt":"2024-11-27T23:52:47","guid":{"rendered":"https:\/\/eltiosam.com.mx\/?post_type=product&#038;p=11137"},"modified":"2025-07-08T18:09:13","modified_gmt":"2025-07-08T18:09:13","slug":"microondas-1-1-c-trim-iomabeio110mdi","status":"publish","type":"product","link":"https:\/\/eltiosam.com.mx\/index.php\/product\/microondas-1-1-c-trim-iomabeio110mdi\/","title":{"rendered":"MICROONDAS 1.1 C\/TRIM IOMABE\tIO110MDI"},"content":{"rendered":"<p><strong>Descripci\u00f3n<\/strong>:<\/p>\n<div class=\"flex-shrink-0 flex flex-col relative items-end\">\n<div>\n<div class=\"pt-0\">\n<div class=\"gizmo-bot-avatar flex h-8 w-8 items-center justify-center overflow-hidden rounded-full\">\n<div class=\"relative p-1 rounded-sm flex items-center justify-center bg-token-main-surface-primary text-token-text-primary h-8 w-8\"><\/div>\n<\/div>\n<\/div>\n<\/div>\n<\/div>\n<div class=\"group\/conversation-turn relative flex w-full min-w-0 flex-col agent-turn\">\n<div class=\"flex-col gap-1 md:gap-3\">\n<div class=\"flex max-w-full flex-col flex-grow\">\n<div class=\"min-h-8 text-message flex w-full flex-col items-end gap-2 whitespace-normal break-words [.text-message+&amp;]:mt-5\" dir=\"auto\" data-message-author-role=\"assistant\" data-message-id=\"65f681fb-d8cd-4f2d-8597-a317e0ff76bf\" data-message-model-slug=\"gpt-4o-mini\">\n<div class=\"flex w-full flex-col gap-1 empty:hidden first:pt-[3px]\">\n<div class=\"markdown prose w-full break-words dark:prose-invert light\">\n<p>El horno de microondas IOMABE IO110MDI con trim de 1.1 pies c\u00fabicos es la opci\u00f3n perfecta para quienes buscan un electrodom\u00e9stico compacto, funcional y de dise\u00f1o elegante. Su acabado en acero inoxidable aporta un toque sofisticado a cualquier cocina, mientras que su tama\u00f1o compacto lo hace ideal para espacios m\u00e1s peque\u00f1os sin sacrificar capacidad. Con diversas opciones de cocci\u00f3n y descongelado, este microondas asegura un rendimiento eficiente y pr\u00e1ctico para el d\u00eda a d\u00eda, manteniendo la calidad y rapidez en la preparaci\u00f3n de alimentos.<\/p>\n<\/div>\n<\/div>\n<\/div>\n<\/div>\n<\/div>\n<\/div>\n","protected":false},"excerpt":{"rendered":"<p>Descripci\u00f3n: El horno de microondas IOMABE IO110MDI con trim de 1.1 pies c\u00fabicos es la opci\u00f3n perfecta para quienes buscan un electrodom\u00e9stico compacto, funcional y de dise\u00f1o elegante. Su acabado en acero inoxidable aporta un toque sofisticado a cualquier cocina, mientras que su tama\u00f1o compacto lo hace ideal para espacios m\u00e1s peque\u00f1os sin sacrificar capacidad. [&hellip;]<\/p>\n","protected":false},"featured_media":11138,"template":"","meta":{"_joinchat":[]},"product_brand":[],"product_cat":[184],"product_tag":[61],"class_list":{"0":"post-11137","1":"product","2":"type-product","3":"status-publish","4":"has-post-thumbnail","6":"product_cat-microondas","7":"product_tag-io-mabe","9":"first","10":"instock","11":"shipping-taxable","12":"product-type-simple"},"_links":{"self":[{"href":"https:\/\/eltiosam.com.mx\/index.php\/wp-json\/wp\/v2\/product\/11137","targetHints":{"allow":["GET"]}}],"collection":[{"href":"https:\/\/eltiosam.com.mx\/index.php\/wp-json\/wp\/v2\/product"}],"about":[{"href":"https:\/\/eltiosam.com.mx\/index.php\/wp-json\/wp\/v2\/types\/product"}],"wp:featuredmedia":[{"embeddable":true,"href":"https:\/\/eltiosam.com.mx\/index.php\/wp-json\/wp\/v2\/media\/11138"}],"wp:attachment":[{"href":"https:\/\/eltiosam.com.mx\/index.php\/wp-json\/wp\/v2\/media?parent=11137"}],"wp:term":[{"taxonomy":"product_brand","embeddable":true,"href":"https:\/\/eltiosam.com.mx\/index.php\/wp-json\/wp\/v2\/product_brand?post=11137"},{"taxonomy":"product_cat","embeddable":true,"href":"https:\/\/eltiosam.com.mx\/index.php\/wp-json\/wp\/v2\/product_cat?post=11137"},{"taxonomy":"product_tag","embeddable":true,"href":"https:\/\/eltiosam.com.mx\/index.php\/wp-json\/wp\/v2\/product_tag?post=11137"}],"curies":[{"name":"wp","href":"https:\/\/api.w.org\/{rel}","templated":true}]}}