{"id":11119,"date":"2024-11-27T23:33:42","date_gmt":"2024-11-27T23:33:42","guid":{"rendered":"https:\/\/eltiosam.com.mx\/?post_type=product&#038;p=11119"},"modified":"2025-07-08T18:10:38","modified_gmt":"2025-07-08T18:10:38","slug":"camp-telescopica-80cm-iomabeiot8002i","status":"publish","type":"product","link":"https:\/\/eltiosam.com.mx\/index.php\/product\/camp-telescopica-80cm-iomabeiot8002i\/","title":{"rendered":"CAMP. TELESCOPICA 80CM. IOMABE\tIOT8002I"},"content":{"rendered":"<p><strong>Descripci\u00f3n:<\/strong><\/p>\n<p>La campana telesc\u00f3pica IOMABE IOT8002I es ideal para cocinas amplias que requieren un sistema de extracci\u00f3n eficiente y discreto. Con un dise\u00f1o de <strong>80 cm<\/strong>, se adapta perfectamente a muebles superiores, proporcionando una soluci\u00f3n elegante que se extiende solo cuando se utiliza, combinando funcionalidad y dise\u00f1o moderno.<\/p>\n","protected":false},"excerpt":{"rendered":"<p>Descripci\u00f3n: La campana telesc\u00f3pica IOMABE IOT8002I es ideal para cocinas amplias que requieren un sistema de extracci\u00f3n eficiente y discreto. Con un dise\u00f1o de 80 cm, se adapta perfectamente a muebles superiores, proporcionando una soluci\u00f3n elegante que se extiende solo cuando se utiliza, combinando funcionalidad y dise\u00f1o moderno.<\/p>\n","protected":false},"featured_media":11116,"template":"","meta":{"_joinchat":[]},"product_brand":[],"product_cat":[38],"product_tag":[61],"class_list":{"0":"post-11119","1":"product","2":"type-product","3":"status-publish","4":"has-post-thumbnail","6":"product_cat-electrodomesticos","7":"product_tag-io-mabe","9":"first","10":"instock","11":"shipping-taxable","12":"product-type-simple"},"_links":{"self":[{"href":"https:\/\/eltiosam.com.mx\/index.php\/wp-json\/wp\/v2\/product\/11119","targetHints":{"allow":["GET"]}}],"collection":[{"href":"https:\/\/eltiosam.com.mx\/index.php\/wp-json\/wp\/v2\/product"}],"about":[{"href":"https:\/\/eltiosam.com.mx\/index.php\/wp-json\/wp\/v2\/types\/product"}],"wp:featuredmedia":[{"embeddable":true,"href":"https:\/\/eltiosam.com.mx\/index.php\/wp-json\/wp\/v2\/media\/11116"}],"wp:attachment":[{"href":"https:\/\/eltiosam.com.mx\/index.php\/wp-json\/wp\/v2\/media?parent=11119"}],"wp:term":[{"taxonomy":"product_brand","embeddable":true,"href":"https:\/\/eltiosam.com.mx\/index.php\/wp-json\/wp\/v2\/product_brand?post=11119"},{"taxonomy":"product_cat","embeddable":true,"href":"https:\/\/eltiosam.com.mx\/index.php\/wp-json\/wp\/v2\/product_cat?post=11119"},{"taxonomy":"product_tag","embeddable":true,"href":"https:\/\/eltiosam.com.mx\/index.php\/wp-json\/wp\/v2\/product_tag?post=11119"}],"curies":[{"name":"wp","href":"https:\/\/api.w.org\/{rel}","templated":true}]}}