{"id":11115,"date":"2024-11-27T23:29:15","date_gmt":"2024-11-27T23:29:15","guid":{"rendered":"https:\/\/eltiosam.com.mx\/?post_type=product&#038;p=11115"},"modified":"2025-07-08T18:10:47","modified_gmt":"2025-07-08T18:10:47","slug":"camp-telescopica-60cm-iomabeiot6002i","status":"publish","type":"product","link":"https:\/\/eltiosam.com.mx\/index.php\/product\/camp-telescopica-60cm-iomabeiot6002i\/","title":{"rendered":"CAMP. TELESCOPICA 60CM. IOMABE\tIOT6002I"},"content":{"rendered":"<p><strong>Descripci\u00f3n:<\/strong><\/p>\n<p>La campana telesc\u00f3pica IOMABE IOT6002I es una soluci\u00f3n compacta y elegante dise\u00f1ada para mantener la cocina libre de humo y olores. Con un tama\u00f1o de <strong>60 cm<\/strong>, se integra perfectamente en espacios reducidos, ofreciendo un dise\u00f1o discreto que se despliega cuando es necesario, combinando funcionalidad y est\u00e9tica moderna.<\/p>\n","protected":false},"excerpt":{"rendered":"<p>Descripci\u00f3n: La campana telesc\u00f3pica IOMABE IOT6002I es una soluci\u00f3n compacta y elegante dise\u00f1ada para mantener la cocina libre de humo y olores. Con un tama\u00f1o de 60 cm, se integra perfectamente en espacios reducidos, ofreciendo un dise\u00f1o discreto que se despliega cuando es necesario, combinando funcionalidad y est\u00e9tica moderna.<\/p>\n","protected":false},"featured_media":11116,"template":"","meta":{"_joinchat":[]},"product_brand":[],"product_cat":[38],"product_tag":[61],"class_list":{"0":"post-11115","1":"product","2":"type-product","3":"status-publish","4":"has-post-thumbnail","6":"product_cat-electrodomesticos","7":"product_tag-io-mabe","9":"first","10":"instock","11":"shipping-taxable","12":"product-type-simple"},"_links":{"self":[{"href":"https:\/\/eltiosam.com.mx\/index.php\/wp-json\/wp\/v2\/product\/11115","targetHints":{"allow":["GET"]}}],"collection":[{"href":"https:\/\/eltiosam.com.mx\/index.php\/wp-json\/wp\/v2\/product"}],"about":[{"href":"https:\/\/eltiosam.com.mx\/index.php\/wp-json\/wp\/v2\/types\/product"}],"wp:featuredmedia":[{"embeddable":true,"href":"https:\/\/eltiosam.com.mx\/index.php\/wp-json\/wp\/v2\/media\/11116"}],"wp:attachment":[{"href":"https:\/\/eltiosam.com.mx\/index.php\/wp-json\/wp\/v2\/media?parent=11115"}],"wp:term":[{"taxonomy":"product_brand","embeddable":true,"href":"https:\/\/eltiosam.com.mx\/index.php\/wp-json\/wp\/v2\/product_brand?post=11115"},{"taxonomy":"product_cat","embeddable":true,"href":"https:\/\/eltiosam.com.mx\/index.php\/wp-json\/wp\/v2\/product_cat?post=11115"},{"taxonomy":"product_tag","embeddable":true,"href":"https:\/\/eltiosam.com.mx\/index.php\/wp-json\/wp\/v2\/product_tag?post=11115"}],"curies":[{"name":"wp","href":"https:\/\/api.w.org\/{rel}","templated":true}]}}