{"id":11111,"date":"2024-11-27T23:27:01","date_gmt":"2024-11-27T23:27:01","guid":{"rendered":"https:\/\/eltiosam.com.mx\/?post_type=product&#038;p=11111"},"modified":"2025-07-08T18:10:56","modified_gmt":"2025-07-08T18:10:56","slug":"modulo-2-quem-gas-30cm-iomabeio311dgi","status":"publish","type":"product","link":"https:\/\/eltiosam.com.mx\/index.php\/product\/modulo-2-quem-gas-30cm-iomabeio311dgi\/","title":{"rendered":"MODULO 2 QUEM. GAS 30CM. IOMABE\tIO311DGI"},"content":{"rendered":"<p><strong>Descripci\u00f3n:<\/strong><\/p>\n<p>El m\u00f3dulo de gas IOMABE IO311DGI es una opci\u00f3n compacta y pr\u00e1ctica para optimizar espacios peque\u00f1os o complementar cocinas grandes. Con <strong>2 quemadores a gas<\/strong> y un dise\u00f1o de <strong>30 cm<\/strong>, este modelo es perfecto para preparaciones r\u00e1pidas y eficientes, manteniendo un estilo moderno y funcional.<\/p>\n","protected":false},"excerpt":{"rendered":"<p>Descripci\u00f3n: El m\u00f3dulo de gas IOMABE IO311DGI es una opci\u00f3n compacta y pr\u00e1ctica para optimizar espacios peque\u00f1os o complementar cocinas grandes. Con 2 quemadores a gas y un dise\u00f1o de 30 cm, este modelo es perfecto para preparaciones r\u00e1pidas y eficientes, manteniendo un estilo moderno y funcional.<\/p>\n","protected":false},"featured_media":11112,"template":"","meta":{"_joinchat":[]},"product_brand":[],"product_cat":[29,46],"product_tag":[61],"class_list":{"0":"post-11111","1":"product","2":"type-product","3":"status-publish","4":"has-post-thumbnail","6":"product_cat-coccion","7":"product_cat-parrilla","8":"product_tag-io-mabe","10":"first","11":"instock","12":"shipping-taxable","13":"product-type-simple"},"_links":{"self":[{"href":"https:\/\/eltiosam.com.mx\/index.php\/wp-json\/wp\/v2\/product\/11111","targetHints":{"allow":["GET"]}}],"collection":[{"href":"https:\/\/eltiosam.com.mx\/index.php\/wp-json\/wp\/v2\/product"}],"about":[{"href":"https:\/\/eltiosam.com.mx\/index.php\/wp-json\/wp\/v2\/types\/product"}],"wp:featuredmedia":[{"embeddable":true,"href":"https:\/\/eltiosam.com.mx\/index.php\/wp-json\/wp\/v2\/media\/11112"}],"wp:attachment":[{"href":"https:\/\/eltiosam.com.mx\/index.php\/wp-json\/wp\/v2\/media?parent=11111"}],"wp:term":[{"taxonomy":"product_brand","embeddable":true,"href":"https:\/\/eltiosam.com.mx\/index.php\/wp-json\/wp\/v2\/product_brand?post=11111"},{"taxonomy":"product_cat","embeddable":true,"href":"https:\/\/eltiosam.com.mx\/index.php\/wp-json\/wp\/v2\/product_cat?post=11111"},{"taxonomy":"product_tag","embeddable":true,"href":"https:\/\/eltiosam.com.mx\/index.php\/wp-json\/wp\/v2\/product_tag?post=11111"}],"curies":[{"name":"wp","href":"https:\/\/api.w.org\/{rel}","templated":true}]}}