{"id":11108,"date":"2024-11-27T23:25:12","date_gmt":"2024-11-27T23:25:12","guid":{"rendered":"https:\/\/eltiosam.com.mx\/?post_type=product&#038;p=11108"},"modified":"2025-07-08T18:11:05","modified_gmt":"2025-07-08T18:11:05","slug":"modulo-2-q-220v-vitro-30cm-iomabeio312dvi","status":"publish","type":"product","link":"https:\/\/eltiosam.com.mx\/index.php\/product\/modulo-2-q-220v-vitro-30cm-iomabeio312dvi\/","title":{"rendered":"MODULO 2 Q. 220V. VITRO 30CM. IOMABE\tIO312DVI"},"content":{"rendered":"<p><strong>Descripci\u00f3n:<\/strong><\/p>\n<p>El m\u00f3dulo el\u00e9ctrico IOMABE IO312DVI es una soluci\u00f3n compacta y eficiente, ideal para cocinas peque\u00f1as o como complemento en estaciones de cocci\u00f3n m\u00e1s grandes. Con <strong>2 quemadores el\u00e9ctricos<\/strong> distribuidos en un dise\u00f1o de <strong>30 cm<\/strong>, ofrece versatilidad y facilidad de uso en un espacio reducido, siendo perfecto para cocciones r\u00e1pidas y precisas.<\/p>\n","protected":false},"excerpt":{"rendered":"<p>Descripci\u00f3n: El m\u00f3dulo el\u00e9ctrico IOMABE IO312DVI es una soluci\u00f3n compacta y eficiente, ideal para cocinas peque\u00f1as o como complemento en estaciones de cocci\u00f3n m\u00e1s grandes. Con 2 quemadores el\u00e9ctricos distribuidos en un dise\u00f1o de 30 cm, ofrece versatilidad y facilidad de uso en un espacio reducido, siendo perfecto para cocciones r\u00e1pidas y precisas.<\/p>\n","protected":false},"featured_media":11109,"template":"","meta":{"_joinchat":[]},"product_brand":[],"product_cat":[29,46],"product_tag":[61],"class_list":{"0":"post-11108","1":"product","2":"type-product","3":"status-publish","4":"has-post-thumbnail","6":"product_cat-coccion","7":"product_cat-parrilla","8":"product_tag-io-mabe","10":"first","11":"instock","12":"shipping-taxable","13":"product-type-simple"},"_links":{"self":[{"href":"https:\/\/eltiosam.com.mx\/index.php\/wp-json\/wp\/v2\/product\/11108","targetHints":{"allow":["GET"]}}],"collection":[{"href":"https:\/\/eltiosam.com.mx\/index.php\/wp-json\/wp\/v2\/product"}],"about":[{"href":"https:\/\/eltiosam.com.mx\/index.php\/wp-json\/wp\/v2\/types\/product"}],"wp:featuredmedia":[{"embeddable":true,"href":"https:\/\/eltiosam.com.mx\/index.php\/wp-json\/wp\/v2\/media\/11109"}],"wp:attachment":[{"href":"https:\/\/eltiosam.com.mx\/index.php\/wp-json\/wp\/v2\/media?parent=11108"}],"wp:term":[{"taxonomy":"product_brand","embeddable":true,"href":"https:\/\/eltiosam.com.mx\/index.php\/wp-json\/wp\/v2\/product_brand?post=11108"},{"taxonomy":"product_cat","embeddable":true,"href":"https:\/\/eltiosam.com.mx\/index.php\/wp-json\/wp\/v2\/product_cat?post=11108"},{"taxonomy":"product_tag","embeddable":true,"href":"https:\/\/eltiosam.com.mx\/index.php\/wp-json\/wp\/v2\/product_tag?post=11108"}],"curies":[{"name":"wp","href":"https:\/\/api.w.org\/{rel}","templated":true}]}}