{"id":11102,"date":"2024-11-27T23:19:43","date_gmt":"2024-11-27T23:19:43","guid":{"rendered":"https:\/\/eltiosam.com.mx\/?post_type=product&#038;p=11102"},"modified":"2025-07-08T18:11:20","modified_gmt":"2025-07-08T18:11:20","slug":"parrilla-6-quem-90cm-iomabepio96kmti0","status":"publish","type":"product","link":"https:\/\/eltiosam.com.mx\/index.php\/product\/parrilla-6-quem-90cm-iomabepio96kmti0\/","title":{"rendered":"PARRILLA 6 QUEM. 90CM. IOMABE\tPIO96KMTI0"},"content":{"rendered":"<p><strong>Descripci\u00f3n:<\/strong><\/p>\n<p>La parrilla IOMABE PIO96KMTI0 es una opci\u00f3n premium dise\u00f1ada para cocinas que requieren espacio y potencia. Con una <strong>amplia superficie de 90 cm<\/strong> y <strong>6 quemadores<\/strong>, este modelo permite preparar m\u00faltiples platillos al mismo tiempo, siendo ideal para familias grandes o entusiastas de la cocina.<\/p>\n","protected":false},"excerpt":{"rendered":"<p>Descripci\u00f3n: La parrilla IOMABE PIO96KMTI0 es una opci\u00f3n premium dise\u00f1ada para cocinas que requieren espacio y potencia. Con una amplia superficie de 90 cm y 6 quemadores, este modelo permite preparar m\u00faltiples platillos al mismo tiempo, siendo ideal para familias grandes o entusiastas de la cocina.<\/p>\n","protected":false},"featured_media":11103,"template":"","meta":{"_joinchat":[]},"product_brand":[],"product_cat":[29,46],"product_tag":[61],"class_list":{"0":"post-11102","1":"product","2":"type-product","3":"status-publish","4":"has-post-thumbnail","6":"product_cat-coccion","7":"product_cat-parrilla","8":"product_tag-io-mabe","10":"first","11":"instock","12":"shipping-taxable","13":"product-type-simple"},"_links":{"self":[{"href":"https:\/\/eltiosam.com.mx\/index.php\/wp-json\/wp\/v2\/product\/11102","targetHints":{"allow":["GET"]}}],"collection":[{"href":"https:\/\/eltiosam.com.mx\/index.php\/wp-json\/wp\/v2\/product"}],"about":[{"href":"https:\/\/eltiosam.com.mx\/index.php\/wp-json\/wp\/v2\/types\/product"}],"wp:featuredmedia":[{"embeddable":true,"href":"https:\/\/eltiosam.com.mx\/index.php\/wp-json\/wp\/v2\/media\/11103"}],"wp:attachment":[{"href":"https:\/\/eltiosam.com.mx\/index.php\/wp-json\/wp\/v2\/media?parent=11102"}],"wp:term":[{"taxonomy":"product_brand","embeddable":true,"href":"https:\/\/eltiosam.com.mx\/index.php\/wp-json\/wp\/v2\/product_brand?post=11102"},{"taxonomy":"product_cat","embeddable":true,"href":"https:\/\/eltiosam.com.mx\/index.php\/wp-json\/wp\/v2\/product_cat?post=11102"},{"taxonomy":"product_tag","embeddable":true,"href":"https:\/\/eltiosam.com.mx\/index.php\/wp-json\/wp\/v2\/product_tag?post=11102"}],"curies":[{"name":"wp","href":"https:\/\/api.w.org\/{rel}","templated":true}]}}