{"id":11099,"date":"2024-11-27T23:16:00","date_gmt":"2024-11-27T23:16:00","guid":{"rendered":"https:\/\/eltiosam.com.mx\/?post_type=product&#038;p=11099"},"modified":"2025-07-08T18:11:38","modified_gmt":"2025-07-08T18:11:38","slug":"parrilla-5-quem-76cm-cristal-iomabepio75kmnr0","status":"publish","type":"product","link":"https:\/\/eltiosam.com.mx\/index.php\/product\/parrilla-5-quem-76cm-cristal-iomabepio75kmnr0\/","title":{"rendered":"PARRILLA 5 QUEM. 76CM. CRISTAL IOMABE\tPIO75KMNR0"},"content":{"rendered":"<p><strong>Descripci\u00f3n:<\/strong><\/p>\n<p>La parrilla IOMABE PIO75KMNR0 ofrece un dise\u00f1o sofisticado y funcional, con una superficie de <strong>cristal templado negro<\/strong> que aporta un toque moderno a cualquier cocina. Con <strong>5 quemadores<\/strong> y un tama\u00f1o de <strong>76 cm<\/strong>, est\u00e1 dise\u00f1ada para facilitar la preparaci\u00f3n de diferentes platillos de forma simult\u00e1nea, combinando estilo y rendimiento.<\/p>\n","protected":false},"excerpt":{"rendered":"<p>Descripci\u00f3n: La parrilla IOMABE PIO75KMNR0 ofrece un dise\u00f1o sofisticado y funcional, con una superficie de cristal templado negro que aporta un toque moderno a cualquier cocina. Con 5 quemadores y un tama\u00f1o de 76 cm, est\u00e1 dise\u00f1ada para facilitar la preparaci\u00f3n de diferentes platillos de forma simult\u00e1nea, combinando estilo y rendimiento.<\/p>\n","protected":false},"featured_media":11100,"template":"","meta":{"_joinchat":[]},"product_brand":[],"product_cat":[29,46],"product_tag":[61],"class_list":{"0":"post-11099","1":"product","2":"type-product","3":"status-publish","4":"has-post-thumbnail","6":"product_cat-coccion","7":"product_cat-parrilla","8":"product_tag-io-mabe","10":"first","11":"instock","12":"shipping-taxable","13":"product-type-simple"},"_links":{"self":[{"href":"https:\/\/eltiosam.com.mx\/index.php\/wp-json\/wp\/v2\/product\/11099","targetHints":{"allow":["GET"]}}],"collection":[{"href":"https:\/\/eltiosam.com.mx\/index.php\/wp-json\/wp\/v2\/product"}],"about":[{"href":"https:\/\/eltiosam.com.mx\/index.php\/wp-json\/wp\/v2\/types\/product"}],"wp:featuredmedia":[{"embeddable":true,"href":"https:\/\/eltiosam.com.mx\/index.php\/wp-json\/wp\/v2\/media\/11100"}],"wp:attachment":[{"href":"https:\/\/eltiosam.com.mx\/index.php\/wp-json\/wp\/v2\/media?parent=11099"}],"wp:term":[{"taxonomy":"product_brand","embeddable":true,"href":"https:\/\/eltiosam.com.mx\/index.php\/wp-json\/wp\/v2\/product_brand?post=11099"},{"taxonomy":"product_cat","embeddable":true,"href":"https:\/\/eltiosam.com.mx\/index.php\/wp-json\/wp\/v2\/product_cat?post=11099"},{"taxonomy":"product_tag","embeddable":true,"href":"https:\/\/eltiosam.com.mx\/index.php\/wp-json\/wp\/v2\/product_tag?post=11099"}],"curies":[{"name":"wp","href":"https:\/\/api.w.org\/{rel}","templated":true}]}}