{"id":11088,"date":"2024-11-27T23:06:53","date_gmt":"2024-11-27T23:06:53","guid":{"rendered":"https:\/\/eltiosam.com.mx\/?post_type=product&#038;p=11088"},"modified":"2025-07-08T18:12:01","modified_gmt":"2025-07-08T18:12:01","slug":"parrilla-4-quem-60cm-cristal-iomabepio64krnr0","status":"publish","type":"product","link":"https:\/\/eltiosam.com.mx\/index.php\/product\/parrilla-4-quem-60cm-cristal-iomabepio64krnr0\/","title":{"rendered":"PARRILLA 4 QUEM.60CM. CRISTAL IOMABE\tPIO64KRNR0"},"content":{"rendered":"<p><strong>Descripci\u00f3n:<\/strong><\/p>\n<p>La parrilla IOMABE PIO64KRNR0 combina dise\u00f1o moderno y funcionalidad en un espacio compacto de 60 cm. Su superficie de <strong>cristal templado<\/strong> aporta elegancia y facilita la limpieza, siendo ideal para cocinas contempor\u00e1neas. Cuenta con <strong>4 quemadores<\/strong> de alto rendimiento dise\u00f1ados para cubrir diversas necesidades de cocci\u00f3n.<\/p>\n","protected":false},"excerpt":{"rendered":"<p>Descripci\u00f3n: La parrilla IOMABE PIO64KRNR0 combina dise\u00f1o moderno y funcionalidad en un espacio compacto de 60 cm. Su superficie de cristal templado aporta elegancia y facilita la limpieza, siendo ideal para cocinas contempor\u00e1neas. Cuenta con 4 quemadores de alto rendimiento dise\u00f1ados para cubrir diversas necesidades de cocci\u00f3n.<\/p>\n","protected":false},"featured_media":11089,"template":"","meta":{"_joinchat":[]},"product_brand":[],"product_cat":[29,46],"product_tag":[61],"class_list":{"0":"post-11088","1":"product","2":"type-product","3":"status-publish","4":"has-post-thumbnail","6":"product_cat-coccion","7":"product_cat-parrilla","8":"product_tag-io-mabe","10":"first","11":"instock","12":"shipping-taxable","13":"product-type-simple"},"_links":{"self":[{"href":"https:\/\/eltiosam.com.mx\/index.php\/wp-json\/wp\/v2\/product\/11088","targetHints":{"allow":["GET"]}}],"collection":[{"href":"https:\/\/eltiosam.com.mx\/index.php\/wp-json\/wp\/v2\/product"}],"about":[{"href":"https:\/\/eltiosam.com.mx\/index.php\/wp-json\/wp\/v2\/types\/product"}],"wp:featuredmedia":[{"embeddable":true,"href":"https:\/\/eltiosam.com.mx\/index.php\/wp-json\/wp\/v2\/media\/11089"}],"wp:attachment":[{"href":"https:\/\/eltiosam.com.mx\/index.php\/wp-json\/wp\/v2\/media?parent=11088"}],"wp:term":[{"taxonomy":"product_brand","embeddable":true,"href":"https:\/\/eltiosam.com.mx\/index.php\/wp-json\/wp\/v2\/product_brand?post=11088"},{"taxonomy":"product_cat","embeddable":true,"href":"https:\/\/eltiosam.com.mx\/index.php\/wp-json\/wp\/v2\/product_cat?post=11088"},{"taxonomy":"product_tag","embeddable":true,"href":"https:\/\/eltiosam.com.mx\/index.php\/wp-json\/wp\/v2\/product_tag?post=11088"}],"curies":[{"name":"wp","href":"https:\/\/api.w.org\/{rel}","templated":true}]}}