{"id":11069,"date":"2024-11-20T23:36:42","date_gmt":"2024-11-20T23:36:42","guid":{"rendered":"https:\/\/eltiosam.com.mx\/?post_type=product&#038;p=11069"},"modified":"2025-07-08T18:13:31","modified_gmt":"2025-07-08T18:13:31","slug":"horno-elect-110v-60cm-iomabeio6032hewd1","status":"publish","type":"product","link":"https:\/\/eltiosam.com.mx\/index.php\/product\/horno-elect-110v-60cm-iomabeio6032hewd1\/","title":{"rendered":"HORNO ELECT. 110V. 60CM. IOMABE\tIO6032HEWD1"},"content":{"rendered":"<p><strong>Descripci\u00f3n:<\/strong><\/p>\n<p>Este horno empotrable el\u00e9ctrico de <strong>60 cm<\/strong> combina tecnolog\u00eda avanzada con un dise\u00f1o elegante en acero inoxidable y vidrio negro. Ideal para quienes buscan un horno funcional y moderno, es perfecto para cocinas compactas o espacios estilizados.<\/p>\n","protected":false},"excerpt":{"rendered":"<p>Descripci\u00f3n: Este horno empotrable el\u00e9ctrico de 60 cm combina tecnolog\u00eda avanzada con un dise\u00f1o elegante en acero inoxidable y vidrio negro. Ideal para quienes buscan un horno funcional y moderno, es perfecto para cocinas compactas o espacios estilizados.<\/p>\n","protected":false},"featured_media":11070,"template":"","meta":{"_joinchat":[]},"product_brand":[],"product_cat":[175],"product_tag":[61],"class_list":{"0":"post-11069","1":"product","2":"type-product","3":"status-publish","4":"has-post-thumbnail","6":"product_cat-hornos","7":"product_tag-io-mabe","9":"first","10":"instock","11":"shipping-taxable","12":"product-type-simple"},"_links":{"self":[{"href":"https:\/\/eltiosam.com.mx\/index.php\/wp-json\/wp\/v2\/product\/11069","targetHints":{"allow":["GET"]}}],"collection":[{"href":"https:\/\/eltiosam.com.mx\/index.php\/wp-json\/wp\/v2\/product"}],"about":[{"href":"https:\/\/eltiosam.com.mx\/index.php\/wp-json\/wp\/v2\/types\/product"}],"wp:featuredmedia":[{"embeddable":true,"href":"https:\/\/eltiosam.com.mx\/index.php\/wp-json\/wp\/v2\/media\/11070"}],"wp:attachment":[{"href":"https:\/\/eltiosam.com.mx\/index.php\/wp-json\/wp\/v2\/media?parent=11069"}],"wp:term":[{"taxonomy":"product_brand","embeddable":true,"href":"https:\/\/eltiosam.com.mx\/index.php\/wp-json\/wp\/v2\/product_brand?post=11069"},{"taxonomy":"product_cat","embeddable":true,"href":"https:\/\/eltiosam.com.mx\/index.php\/wp-json\/wp\/v2\/product_cat?post=11069"},{"taxonomy":"product_tag","embeddable":true,"href":"https:\/\/eltiosam.com.mx\/index.php\/wp-json\/wp\/v2\/product_tag?post=11069"}],"curies":[{"name":"wp","href":"https:\/\/api.w.org\/{rel}","templated":true}]}}