{"id":11065,"date":"2024-11-20T23:33:05","date_gmt":"2024-11-20T23:33:05","guid":{"rendered":"https:\/\/eltiosam.com.mx\/?post_type=product&#038;p=11065"},"modified":"2025-07-08T18:13:22","modified_gmt":"2025-07-08T18:13:22","slug":"horno-de-gas-80cm-iomabe-io8042hgwd1","status":"publish","type":"product","link":"https:\/\/eltiosam.com.mx\/index.php\/product\/horno-de-gas-80cm-iomabe-io8042hgwd1\/","title":{"rendered":"HORNO DE GAS 80CM IOMABE IO8042HGWD1"},"content":{"rendered":"<p><strong>Descripci\u00f3n:<\/strong><\/p>\n<p>El horno <strong>IO8042HGWD1<\/strong> de IO Mabe, con un ancho de 80 cm, es una soluci\u00f3n ideal para quienes buscan una combinaci\u00f3n de funcionalidad avanzada y dise\u00f1o elegante en su cocina. Perfecto para familias o amantes de la gastronom\u00eda, este horno destaca por su capacidad, tecnolog\u00eda y facilidad de uso.<\/p>\n","protected":false},"excerpt":{"rendered":"<p>Descripci\u00f3n: El horno IO8042HGWD1 de IO Mabe, con un ancho de 80 cm, es una soluci\u00f3n ideal para quienes buscan una combinaci\u00f3n de funcionalidad avanzada y dise\u00f1o elegante en su cocina. Perfecto para familias o amantes de la gastronom\u00eda, este horno destaca por su capacidad, tecnolog\u00eda y facilidad de uso.<\/p>\n","protected":false},"featured_media":11066,"template":"","meta":{"_joinchat":[]},"product_brand":[],"product_cat":[175],"product_tag":[61],"class_list":{"0":"post-11065","1":"product","2":"type-product","3":"status-publish","4":"has-post-thumbnail","6":"product_cat-hornos","7":"product_tag-io-mabe","9":"first","10":"instock","11":"shipping-taxable","12":"product-type-simple"},"_links":{"self":[{"href":"https:\/\/eltiosam.com.mx\/index.php\/wp-json\/wp\/v2\/product\/11065","targetHints":{"allow":["GET"]}}],"collection":[{"href":"https:\/\/eltiosam.com.mx\/index.php\/wp-json\/wp\/v2\/product"}],"about":[{"href":"https:\/\/eltiosam.com.mx\/index.php\/wp-json\/wp\/v2\/types\/product"}],"wp:featuredmedia":[{"embeddable":true,"href":"https:\/\/eltiosam.com.mx\/index.php\/wp-json\/wp\/v2\/media\/11066"}],"wp:attachment":[{"href":"https:\/\/eltiosam.com.mx\/index.php\/wp-json\/wp\/v2\/media?parent=11065"}],"wp:term":[{"taxonomy":"product_brand","embeddable":true,"href":"https:\/\/eltiosam.com.mx\/index.php\/wp-json\/wp\/v2\/product_brand?post=11065"},{"taxonomy":"product_cat","embeddable":true,"href":"https:\/\/eltiosam.com.mx\/index.php\/wp-json\/wp\/v2\/product_cat?post=11065"},{"taxonomy":"product_tag","embeddable":true,"href":"https:\/\/eltiosam.com.mx\/index.php\/wp-json\/wp\/v2\/product_tag?post=11065"}],"curies":[{"name":"wp","href":"https:\/\/api.w.org\/{rel}","templated":true}]}}