{"id":11061,"date":"2024-11-20T23:28:46","date_gmt":"2024-11-20T23:28:46","guid":{"rendered":"https:\/\/eltiosam.com.mx\/?post_type=product&#038;p=11061"},"modified":"2025-07-08T18:13:13","modified_gmt":"2025-07-08T18:13:13","slug":"horno-gas-60-cm-iomabeio6062hgwi1","status":"publish","type":"product","link":"https:\/\/eltiosam.com.mx\/index.php\/product\/horno-gas-60-cm-iomabeio6062hgwi1\/","title":{"rendered":"HORNO GAS 60 CM. IOMABE\tIO6062HGWI1"},"content":{"rendered":"<p><strong>Descripci\u00f3n:<\/strong><\/p>\n<p>El horno empotrable a gas <strong>IO6062HGWI1<\/strong> de IO Mabe ofrece un dise\u00f1o moderno y tecnolog\u00eda avanzada para facilitar la cocci\u00f3n. Ideal para quienes buscan funcionalidad, eficiencia y estilo en su cocina, este modelo combina acabados en acero inoxidable con vidrio negro tipo espejo.<\/p>\n","protected":false},"excerpt":{"rendered":"<p>Descripci\u00f3n: El horno empotrable a gas IO6062HGWI1 de IO Mabe ofrece un dise\u00f1o moderno y tecnolog\u00eda avanzada para facilitar la cocci\u00f3n. Ideal para quienes buscan funcionalidad, eficiencia y estilo en su cocina, este modelo combina acabados en acero inoxidable con vidrio negro tipo espejo.<\/p>\n","protected":false},"featured_media":11062,"template":"","meta":{"_joinchat":[]},"product_brand":[],"product_cat":[175],"product_tag":[61],"class_list":{"0":"post-11061","1":"product","2":"type-product","3":"status-publish","4":"has-post-thumbnail","6":"product_cat-hornos","7":"product_tag-io-mabe","9":"first","10":"instock","11":"shipping-taxable","12":"product-type-simple"},"_links":{"self":[{"href":"https:\/\/eltiosam.com.mx\/index.php\/wp-json\/wp\/v2\/product\/11061","targetHints":{"allow":["GET"]}}],"collection":[{"href":"https:\/\/eltiosam.com.mx\/index.php\/wp-json\/wp\/v2\/product"}],"about":[{"href":"https:\/\/eltiosam.com.mx\/index.php\/wp-json\/wp\/v2\/types\/product"}],"wp:featuredmedia":[{"embeddable":true,"href":"https:\/\/eltiosam.com.mx\/index.php\/wp-json\/wp\/v2\/media\/11062"}],"wp:attachment":[{"href":"https:\/\/eltiosam.com.mx\/index.php\/wp-json\/wp\/v2\/media?parent=11061"}],"wp:term":[{"taxonomy":"product_brand","embeddable":true,"href":"https:\/\/eltiosam.com.mx\/index.php\/wp-json\/wp\/v2\/product_brand?post=11061"},{"taxonomy":"product_cat","embeddable":true,"href":"https:\/\/eltiosam.com.mx\/index.php\/wp-json\/wp\/v2\/product_cat?post=11061"},{"taxonomy":"product_tag","embeddable":true,"href":"https:\/\/eltiosam.com.mx\/index.php\/wp-json\/wp\/v2\/product_tag?post=11061"}],"curies":[{"name":"wp","href":"https:\/\/api.w.org\/{rel}","templated":true}]}}