{"id":11046,"date":"2024-11-20T23:13:28","date_gmt":"2024-11-20T23:13:28","guid":{"rendered":"https:\/\/eltiosam.com.mx\/?post_type=product&#038;p=11046"},"modified":"2025-07-08T18:12:41","modified_gmt":"2025-07-08T18:12:41","slug":"estufa-emp-80cm-iomabeio8094getss0","status":"publish","type":"product","link":"https:\/\/eltiosam.com.mx\/index.php\/product\/estufa-emp-80cm-iomabeio8094getss0\/","title":{"rendered":"ESTUFA EMP. 80CM. IOMABE\tIO8094GETSS0"},"content":{"rendered":"<p><strong>Descripci\u00f3n del producto:<\/strong><\/p>\n<p>Dale un toque moderno y tecnol\u00f3gico a tu cocina con la estufa empotrable IO Mabe IO8094GETSS0. Su dise\u00f1o elegante en acero inoxidable con vidrio negro combina perfectamente con cualquier estilo, mientras que la tecnolog\u00eda de conectividad Wi-Fi te permite controlar sus funciones desde tu smartphone. Con cinco quemadores de alta potencia, un horno con sistema de convecci\u00f3n para cocciones uniformes y materiales premium, esta estufa garantiza practicidad, eficiencia y un acabado profesional en cada platillo<\/p>\n","protected":false},"excerpt":{"rendered":"<p>Descripci\u00f3n del producto: Dale un toque moderno y tecnol\u00f3gico a tu cocina con la estufa empotrable IO Mabe IO8094GETSS0. Su dise\u00f1o elegante en acero inoxidable con vidrio negro combina perfectamente con cualquier estilo, mientras que la tecnolog\u00eda de conectividad Wi-Fi te permite controlar sus funciones desde tu smartphone. Con cinco quemadores de alta potencia, un [&hellip;]<\/p>\n","protected":false},"featured_media":11047,"template":"","meta":{"_joinchat":[]},"product_brand":[],"product_cat":[29,62],"product_tag":[61],"class_list":{"0":"post-11046","1":"product","2":"type-product","3":"status-publish","4":"has-post-thumbnail","6":"product_cat-coccion","7":"product_cat-estufas","8":"product_tag-io-mabe","10":"first","11":"instock","12":"shipping-taxable","13":"product-type-simple"},"_links":{"self":[{"href":"https:\/\/eltiosam.com.mx\/index.php\/wp-json\/wp\/v2\/product\/11046","targetHints":{"allow":["GET"]}}],"collection":[{"href":"https:\/\/eltiosam.com.mx\/index.php\/wp-json\/wp\/v2\/product"}],"about":[{"href":"https:\/\/eltiosam.com.mx\/index.php\/wp-json\/wp\/v2\/types\/product"}],"wp:featuredmedia":[{"embeddable":true,"href":"https:\/\/eltiosam.com.mx\/index.php\/wp-json\/wp\/v2\/media\/11047"}],"wp:attachment":[{"href":"https:\/\/eltiosam.com.mx\/index.php\/wp-json\/wp\/v2\/media?parent=11046"}],"wp:term":[{"taxonomy":"product_brand","embeddable":true,"href":"https:\/\/eltiosam.com.mx\/index.php\/wp-json\/wp\/v2\/product_brand?post=11046"},{"taxonomy":"product_cat","embeddable":true,"href":"https:\/\/eltiosam.com.mx\/index.php\/wp-json\/wp\/v2\/product_cat?post=11046"},{"taxonomy":"product_tag","embeddable":true,"href":"https:\/\/eltiosam.com.mx\/index.php\/wp-json\/wp\/v2\/product_tag?post=11046"}],"curies":[{"name":"wp","href":"https:\/\/api.w.org\/{rel}","templated":true}]}}