{"id":11029,"date":"2024-11-07T00:01:14","date_gmt":"2024-11-07T00:01:14","guid":{"rendered":"https:\/\/eltiosam.com.mx\/?post_type=product&#038;p=11029"},"modified":"2025-07-08T18:12:33","modified_gmt":"2025-07-08T18:12:33","slug":"estufa-emp-80cm-iomabeio8063gegss0","status":"publish","type":"product","link":"https:\/\/eltiosam.com.mx\/index.php\/product\/estufa-emp-80cm-iomabeio8063gegss0\/","title":{"rendered":"ESTUFA EMP. 80CM. IOMABE\tIO8063GEGSS0"},"content":{"rendered":"<p><strong>Descripci\u00f3n del producto:<\/strong><\/p>\n<p>La estufa empotrable IOMABE modelo IO8063GEGSS0 de 80 cm combina un dise\u00f1o elegante y funcionalidad avanzada para quienes buscan una opci\u00f3n de alta calidad en la cocina. Con 80 cm de ancho, ofrece amplias superficies de cocci\u00f3n, ideales para preparar m\u00faltiples platillos de manera simult\u00e1nea. Su acabado en acero inoxidable proporciona un toque moderno y sofisticado, f\u00e1cil de combinar con cualquier estilo de cocina. Equipado con potentes quemadores y tecnolog\u00eda de ahorro de energ\u00eda, esta estufa empotrable garantiza un rendimiento \u00f3ptimo y duradero.<\/p>\n","protected":false},"excerpt":{"rendered":"<p>Descripci\u00f3n del producto: La estufa empotrable IOMABE modelo IO8063GEGSS0 de 80 cm combina un dise\u00f1o elegante y funcionalidad avanzada para quienes buscan una opci\u00f3n de alta calidad en la cocina. Con 80 cm de ancho, ofrece amplias superficies de cocci\u00f3n, ideales para preparar m\u00faltiples platillos de manera simult\u00e1nea. Su acabado en acero inoxidable proporciona un [&hellip;]<\/p>\n","protected":false},"featured_media":11030,"template":"","meta":{"_joinchat":[]},"product_brand":[],"product_cat":[29,62],"product_tag":[61],"class_list":{"0":"post-11029","1":"product","2":"type-product","3":"status-publish","4":"has-post-thumbnail","6":"product_cat-coccion","7":"product_cat-estufas","8":"product_tag-io-mabe","10":"first","11":"instock","12":"shipping-taxable","13":"product-type-simple"},"_links":{"self":[{"href":"https:\/\/eltiosam.com.mx\/index.php\/wp-json\/wp\/v2\/product\/11029","targetHints":{"allow":["GET"]}}],"collection":[{"href":"https:\/\/eltiosam.com.mx\/index.php\/wp-json\/wp\/v2\/product"}],"about":[{"href":"https:\/\/eltiosam.com.mx\/index.php\/wp-json\/wp\/v2\/types\/product"}],"wp:featuredmedia":[{"embeddable":true,"href":"https:\/\/eltiosam.com.mx\/index.php\/wp-json\/wp\/v2\/media\/11030"}],"wp:attachment":[{"href":"https:\/\/eltiosam.com.mx\/index.php\/wp-json\/wp\/v2\/media?parent=11029"}],"wp:term":[{"taxonomy":"product_brand","embeddable":true,"href":"https:\/\/eltiosam.com.mx\/index.php\/wp-json\/wp\/v2\/product_brand?post=11029"},{"taxonomy":"product_cat","embeddable":true,"href":"https:\/\/eltiosam.com.mx\/index.php\/wp-json\/wp\/v2\/product_cat?post=11029"},{"taxonomy":"product_tag","embeddable":true,"href":"https:\/\/eltiosam.com.mx\/index.php\/wp-json\/wp\/v2\/product_tag?post=11029"}],"curies":[{"name":"wp","href":"https:\/\/api.w.org\/{rel}","templated":true}]}}