{"id":11009,"date":"2024-11-06T23:40:32","date_gmt":"2024-11-06T23:40:32","guid":{"rendered":"https:\/\/eltiosam.com.mx\/?post_type=product&#038;p=11009"},"modified":"2025-07-22T18:11:21","modified_gmt":"2025-07-22T18:11:21","slug":"tarja-1-pila-c-acces-kele-quolorzkqs3022a","status":"publish","type":"product","link":"https:\/\/eltiosam.com.mx\/index.php\/product\/tarja-1-pila-c-acces-kele-quolorzkqs3022a\/","title":{"rendered":"TARJA 1 PILA C\/ACCES. KELE QUOLORZ\t KQS3022A-BL"},"content":{"rendered":"<p>Descripci\u00f3n:<\/p>\n<div class=\"flex-1 overflow-hidden\">\n<div class=\"h-full\">\n<div class=\"react-scroll-to-bottom--css-qdsdf-79elbk h-full\">\n<div class=\"react-scroll-to-bottom--css-qdsdf-1n7m0yu\">\n<div class=\"flex flex-col text-sm\">\n<article class=\"w-full text-token-text-primary focus-visible:outline-2 focus-visible:outline-offset-[-4px]\" dir=\"auto\" data-testid=\"conversation-turn-21\" data-scroll-anchor=\"true\">\n<div class=\"m-auto text-base py-[18px] px-3 md:px-4 w-full md:px-5 lg:px-4 xl:px-5\">\n<div class=\"mx-auto flex flex-1 gap-4 text-base md:gap-5 lg:gap-6 md:max-w-3xl lg:max-w-[40rem] xl:max-w-[48rem]\">\n<div class=\"group\/conversation-turn relative flex w-full min-w-0 flex-col agent-turn\">\n<div class=\"flex-col gap-1 md:gap-3\">\n<div class=\"flex max-w-full flex-col flex-grow\">\n<div class=\"min-h-8 text-message flex w-full flex-col items-end gap-2 whitespace-normal break-words [.text-message+&amp;]:mt-5\" dir=\"auto\" data-message-author-role=\"assistant\" data-message-id=\"5da8f36a-2ed1-4325-93fa-005032acb195\" data-message-model-slug=\"gpt-4o\">\n<div class=\"flex w-full flex-col gap-1 empty:hidden first:pt-[3px]\">\n<div class=\"markdown prose w-full break-words dark:prose-invert light\">\n<p>La tarja KELE QUOLORZ modelo KQS3022A es la opci\u00f3n ideal para quienes buscan optimizar el espacio sin sacrificar funcionalidad. Con una pila de dise\u00f1o pr\u00e1ctico y eficiente, permite realizar tareas de cocina como lavar, enjuagar y escurrir de manera r\u00e1pida y c\u00f3moda. Viene equipada con accesorios que facilitan su uso y organizaci\u00f3n, asegurando un entorno de trabajo m\u00e1s limpio y ordenado.<\/p>\n<\/div>\n<\/div>\n<\/div>\n<\/div>\n<div class=\"pr-2 lg:pr-0\"><\/div>\n<div class=\"mt-3 w-full empty:hidden\">\n<div class=\"text-center\"><\/div>\n<\/div>\n<\/div>\n<div class=\"absolute\">\n<div class=\"flex items-center justify-center\"><\/div>\n<\/div>\n<\/div>\n<\/div>\n<\/div>\n<\/article>\n<\/div>\n<\/div>\n<\/div>\n<\/div>\n<\/div>\n<div class=\"md:pt-0 dark:border-white\/20 md:border-transparent md:dark:border-transparent w-full\">\n<div>\n<div class=\"m-auto text-base px-3 md:px-4 w-full md:px-5 lg:px-4 xl:px-5\">\n<div class=\"mx-auto flex flex-1 gap-4 text-base md:gap-5 lg:gap-6 md:max-w-3xl lg:max-w-[40rem] xl:max-w-[48rem]\">\n<div class=\"relative flex h-full max-w-full flex-1 flex-col\">\n<div class=\"absolute bottom-full left-0 right-0 z-20\">\n<div class=\"relative h-full w-full\">\n<div class=\"mb-2 flex flex-col gap-3.5 pt-2\">\n<div>\n<div class=\"flex w-full items-start gap-4 rounded-2xl border border-token-border-light bg-token-main-surface-primary py-4 pl-5 pr-3 text-sm text-token-text-primary [text-wrap:pretty] dark:border-transparent dark:bg-token-main-surface-secondary md:items-center lg:mx-auto shadow-xxs\">\n<div class=\"mt-1.5 flex grow items-start gap-4 md:mt-0 md:flex-row md:items-center md:justify-between md:gap-8 flex-col\">\n<div class=\"flex max-w-none flex-col\">\n<div class=\"font-bold text-token-text-primary\"><\/div>\n<\/div>\n<\/div>\n<\/div>\n<\/div>\n<\/div>\n<\/div>\n<\/div>\n<\/div>\n<\/div>\n<\/div>\n<\/div>\n<\/div>\n","protected":false},"excerpt":{"rendered":"<p>Descripci\u00f3n: La tarja KELE QUOLORZ modelo KQS3022A es la opci\u00f3n ideal para quienes buscan optimizar el espacio sin sacrificar funcionalidad. Con una pila de dise\u00f1o pr\u00e1ctico y eficiente, permite realizar tareas de cocina como lavar, enjuagar y escurrir de manera r\u00e1pida y c\u00f3moda. Viene equipada con accesorios que facilitan su uso y organizaci\u00f3n, asegurando un [&hellip;]<\/p>\n","protected":false},"featured_media":11010,"template":"","meta":{"_joinchat":[]},"product_brand":[],"product_cat":[47],"product_tag":[70],"class_list":{"0":"post-11009","1":"product","2":"type-product","3":"status-publish","4":"has-post-thumbnail","6":"product_cat-tarjas","7":"product_tag-kele","9":"first","10":"instock","11":"shipping-taxable","12":"product-type-simple"},"_links":{"self":[{"href":"https:\/\/eltiosam.com.mx\/index.php\/wp-json\/wp\/v2\/product\/11009","targetHints":{"allow":["GET"]}}],"collection":[{"href":"https:\/\/eltiosam.com.mx\/index.php\/wp-json\/wp\/v2\/product"}],"about":[{"href":"https:\/\/eltiosam.com.mx\/index.php\/wp-json\/wp\/v2\/types\/product"}],"wp:featuredmedia":[{"embeddable":true,"href":"https:\/\/eltiosam.com.mx\/index.php\/wp-json\/wp\/v2\/media\/11010"}],"wp:attachment":[{"href":"https:\/\/eltiosam.com.mx\/index.php\/wp-json\/wp\/v2\/media?parent=11009"}],"wp:term":[{"taxonomy":"product_brand","embeddable":true,"href":"https:\/\/eltiosam.com.mx\/index.php\/wp-json\/wp\/v2\/product_brand?post=11009"},{"taxonomy":"product_cat","embeddable":true,"href":"https:\/\/eltiosam.com.mx\/index.php\/wp-json\/wp\/v2\/product_cat?post=11009"},{"taxonomy":"product_tag","embeddable":true,"href":"https:\/\/eltiosam.com.mx\/index.php\/wp-json\/wp\/v2\/product_tag?post=11009"}],"curies":[{"name":"wp","href":"https:\/\/api.w.org\/{rel}","templated":true}]}}