{"id":10965,"date":"2024-10-24T00:12:13","date_gmt":"2024-10-24T00:12:13","guid":{"rendered":"https:\/\/eltiosam.com.mx\/?post_type=product&#038;p=10965"},"modified":"2024-10-24T00:14:37","modified_gmt":"2024-10-24T00:14:37","slug":"paquete-kele-go-1-kelekgo1-ktd","status":"publish","type":"product","link":"https:\/\/eltiosam.com.mx\/index.php\/product\/paquete-kele-go-1-kelekgo1-ktd\/","title":{"rendered":"PAQUETE KELE GO 1 KELE\tKGO1-KTD"},"content":{"rendered":"<p>Descripci\u00f3n:<\/p>\n<p>El paquete incluye:<\/p>\n<ul>\n<li>Tarja doble tina KTD3319<\/li>\n<li>Acero inoxidable para empotrar<\/li>\n<li>Calibre 22.<\/li>\n<li>Medidas 838 mm largo x 480 mm ancho x 200 mm profundidad<\/li>\n<li>Monomando KSS1103A acero inoxidable.<\/li>\n<li>Contracanastas HD-005-AI, con tubo y tuerca.<\/li>\n<li>Tabla de madera para picar, con l\u00edneas para escurrir platos.<\/li>\n<li>Canastilla escurridor de acero inoxidable.<\/li>\n<li>KIT de instalaci\u00f3n, con: Cespol flexible, salida doble para la conexi\u00f3n de tinas, 2 llaves angulares y 1 empaque chup\u00f3n para muro.<\/li>\n<\/ul>\n","protected":false},"excerpt":{"rendered":"<p>Descripci\u00f3n: El paquete incluye: Tarja doble tina KTD3319 Acero inoxidable para empotrar Calibre 22. Medidas 838 mm largo x 480 mm ancho x 200 mm profundidad Monomando KSS1103A acero inoxidable. Contracanastas HD-005-AI, con tubo y tuerca. Tabla de madera para picar, con l\u00edneas para escurrir platos. Canastilla escurridor de acero inoxidable. KIT de instalaci\u00f3n, con: [&hellip;]<\/p>\n","protected":false},"featured_media":10966,"template":"","meta":{"_joinchat":[]},"product_brand":[],"product_cat":[47],"product_tag":[70],"class_list":{"0":"post-10965","1":"product","2":"type-product","3":"status-publish","4":"has-post-thumbnail","6":"product_cat-tarjas","7":"product_tag-kele","9":"first","10":"instock","11":"shipping-taxable","12":"product-type-simple"},"_links":{"self":[{"href":"https:\/\/eltiosam.com.mx\/index.php\/wp-json\/wp\/v2\/product\/10965","targetHints":{"allow":["GET"]}}],"collection":[{"href":"https:\/\/eltiosam.com.mx\/index.php\/wp-json\/wp\/v2\/product"}],"about":[{"href":"https:\/\/eltiosam.com.mx\/index.php\/wp-json\/wp\/v2\/types\/product"}],"wp:featuredmedia":[{"embeddable":true,"href":"https:\/\/eltiosam.com.mx\/index.php\/wp-json\/wp\/v2\/media\/10966"}],"wp:attachment":[{"href":"https:\/\/eltiosam.com.mx\/index.php\/wp-json\/wp\/v2\/media?parent=10965"}],"wp:term":[{"taxonomy":"product_brand","embeddable":true,"href":"https:\/\/eltiosam.com.mx\/index.php\/wp-json\/wp\/v2\/product_brand?post=10965"},{"taxonomy":"product_cat","embeddable":true,"href":"https:\/\/eltiosam.com.mx\/index.php\/wp-json\/wp\/v2\/product_cat?post=10965"},{"taxonomy":"product_tag","embeddable":true,"href":"https:\/\/eltiosam.com.mx\/index.php\/wp-json\/wp\/v2\/product_tag?post=10965"}],"curies":[{"name":"wp","href":"https:\/\/api.w.org\/{rel}","templated":true}]}}