{"id":10956,"date":"2024-10-24T00:03:20","date_gmt":"2024-10-24T00:03:20","guid":{"rendered":"https:\/\/eltiosam.com.mx\/?post_type=product&#038;p=10956"},"modified":"2024-10-24T00:05:23","modified_gmt":"2024-10-24T00:05:23","slug":"mezcladora-extraible-kelekss1236b-gd-bk","status":"publish","type":"product","link":"https:\/\/eltiosam.com.mx\/index.php\/product\/mezcladora-extraible-kelekss1236b-gd-bk\/","title":{"rendered":"MEZCLADORA EXTRAIBLE KELE\tKSS1236B-GD\/BK"},"content":{"rendered":"<p><strong>Descripci\u00f3n:<\/strong><\/p>\n<div class=\"group\/conversation-turn relative flex w-full min-w-0 flex-col agent-turn\">\n<div class=\"flex-col gap-1 md:gap-3\">\n<div class=\"flex max-w-full flex-col flex-grow\">\n<div class=\"min-h-8 text-message flex w-full flex-col items-end gap-2 whitespace-normal break-words [.text-message+&amp;]:mt-5\" dir=\"auto\" data-message-author-role=\"assistant\" data-message-id=\"e5cfeb3b-a2e3-47e8-9dd1-15e02a301e2e\" data-message-model-slug=\"gpt-4o-mini\">\n<div class=\"flex w-full flex-col gap-1 empty:hidden first:pt-[3px]\">\n<div class=\"markdown prose w-full break-words dark:prose-invert light\">\n<p>La <strong>Mezcladora Extra\u00edble KELE KSS1236B-GD\/BK<\/strong> es una opci\u00f3n elegante y funcional para tu cocina, dise\u00f1ada con un acabado en dorado y negro que aporta un toque moderno. Su caracter\u00edstica de ca\u00f1o extra\u00edble facilita el acceso y el llenado de recipientes grandes, mientras que su mecanismo de control permite ajustar f\u00e1cilmente la temperatura y el flujo del agua. Fabricada con materiales de alta calidad, esta mezcladora garantiza durabilidad y resistencia, convirti\u00e9ndola en una adici\u00f3n pr\u00e1ctica y estilizada para cualquier espacio.<\/p>\n<\/div>\n<\/div>\n<\/div>\n<\/div>\n<\/div>\n<\/div>\n","protected":false},"excerpt":{"rendered":"<p>Descripci\u00f3n: La Mezcladora Extra\u00edble KELE KSS1236B-GD\/BK es una opci\u00f3n elegante y funcional para tu cocina, dise\u00f1ada con un acabado en dorado y negro que aporta un toque moderno. Su caracter\u00edstica de ca\u00f1o extra\u00edble facilita el acceso y el llenado de recipientes grandes, mientras que su mecanismo de control permite ajustar f\u00e1cilmente la temperatura y el [&hellip;]<\/p>\n","protected":false},"featured_media":10957,"template":"","meta":{"_joinchat":[]},"product_brand":[],"product_cat":[183,42],"product_tag":[70],"class_list":{"0":"post-10956","1":"product","2":"type-product","3":"status-publish","4":"has-post-thumbnail","6":"product_cat-mezcladoras","7":"product_cat-varios","8":"product_tag-kele","10":"first","11":"instock","12":"shipping-taxable","13":"product-type-simple"},"_links":{"self":[{"href":"https:\/\/eltiosam.com.mx\/index.php\/wp-json\/wp\/v2\/product\/10956","targetHints":{"allow":["GET"]}}],"collection":[{"href":"https:\/\/eltiosam.com.mx\/index.php\/wp-json\/wp\/v2\/product"}],"about":[{"href":"https:\/\/eltiosam.com.mx\/index.php\/wp-json\/wp\/v2\/types\/product"}],"wp:featuredmedia":[{"embeddable":true,"href":"https:\/\/eltiosam.com.mx\/index.php\/wp-json\/wp\/v2\/media\/10957"}],"wp:attachment":[{"href":"https:\/\/eltiosam.com.mx\/index.php\/wp-json\/wp\/v2\/media?parent=10956"}],"wp:term":[{"taxonomy":"product_brand","embeddable":true,"href":"https:\/\/eltiosam.com.mx\/index.php\/wp-json\/wp\/v2\/product_brand?post=10956"},{"taxonomy":"product_cat","embeddable":true,"href":"https:\/\/eltiosam.com.mx\/index.php\/wp-json\/wp\/v2\/product_cat?post=10956"},{"taxonomy":"product_tag","embeddable":true,"href":"https:\/\/eltiosam.com.mx\/index.php\/wp-json\/wp\/v2\/product_tag?post=10956"}],"curies":[{"name":"wp","href":"https:\/\/api.w.org\/{rel}","templated":true}]}}