{"id":10909,"date":"2024-10-23T23:13:51","date_gmt":"2024-10-23T23:13:51","guid":{"rendered":"https:\/\/eltiosam.com.mx\/?post_type=product&#038;p=10909"},"modified":"2024-10-23T23:15:40","modified_gmt":"2024-10-23T23:15:40","slug":"alacena-de-canastilla-kelekap2006","status":"publish","type":"product","link":"https:\/\/eltiosam.com.mx\/index.php\/product\/alacena-de-canastilla-kelekap2006\/","title":{"rendered":"ALACENA DE CANASTILLA KELE\tKAP2006"},"content":{"rendered":"<div class=\"flex-1 overflow-hidden\">\n<div class=\"react-scroll-to-bottom--css-wvvtt-79elbk h-full\">\n<div class=\"react-scroll-to-bottom--css-wvvtt-1n7m0yu\">\n<div class=\"flex flex-col pb-9 text-sm\">\n<div class=\"w-full text-token-text-primary\" data-testid=\"conversation-turn-45\">\n<div class=\"px-4 py-2 justify-center text-base md:gap-6 m-auto\">\n<div class=\"flex flex-1 text-base mx-auto gap-3 md:px-5 lg:px-1 xl:px-5 md:max-w-3xl lg:max-w-[40rem] xl:max-w-[48rem] group final-completion\">\n<div class=\"relative flex w-full flex-col lg:w-[calc(100%-115px)] agent-turn\">\n<div class=\"flex-col gap-1 md:gap-3\">\n<div class=\"flex flex-grow flex-col max-w-full\">\n<div class=\"min-h-[20px] text-message flex flex-col items-start gap-3 whitespace-pre-wrap break-words [.text-message+&amp;]:mt-5 overflow-x-auto\" data-message-author-role=\"assistant\" data-message-id=\"84410691-ea91-4939-b5e9-3bb08ea0c427\">\n<div class=\"markdown prose w-full break-words dark:prose-invert light\">\n<p>La <strong>Alacena de Canastilla KELE KAP2006<\/strong> es la elecci\u00f3n perfecta para quienes buscan una soluci\u00f3n pr\u00e1ctica y estilizada en su cocina. Con un dise\u00f1o funcional que incluye canastillas, ofrece un acceso f\u00e1cil y r\u00e1pido a tus ingredientes y utensilios, manteni\u00e9ndolos organizados y a la vista. Fabricada con materiales de alta calidad, esta alacena garantiza durabilidad y resistencia. Su estilo moderno se adapta a cualquier decoraci\u00f3n, convirti\u00e9ndola en una excelente adici\u00f3n a tu hogar.<\/p>\n<\/div>\n<\/div>\n<\/div>\n<\/div>\n<\/div>\n<\/div>\n<\/div>\n<\/div>\n<\/div>\n<\/div>\n<\/div>\n<\/div>\n","protected":false},"excerpt":{"rendered":"<p>La Alacena de Canastilla KELE KAP2006 es la elecci\u00f3n perfecta para quienes buscan una soluci\u00f3n pr\u00e1ctica y estilizada en su cocina. Con un dise\u00f1o funcional que incluye canastillas, ofrece un acceso f\u00e1cil y r\u00e1pido a tus ingredientes y utensilios, manteni\u00e9ndolos organizados y a la vista. Fabricada con materiales de alta calidad, esta alacena garantiza durabilidad [&hellip;]<\/p>\n","protected":false},"featured_media":10910,"template":"","meta":{"_joinchat":[]},"product_brand":[],"product_cat":[161,47,201,42],"product_tag":[70],"class_list":{"0":"post-10909","1":"product","2":"type-product","3":"status-publish","4":"has-post-thumbnail","6":"product_cat-best-selling-products","7":"product_cat-tarjas","8":"product_cat-tarjas-de-submontar","9":"product_cat-varios","10":"product_tag-kele","12":"first","13":"outofstock","14":"shipping-taxable","15":"purchasable","16":"product-type-simple"},"_links":{"self":[{"href":"https:\/\/eltiosam.com.mx\/index.php\/wp-json\/wp\/v2\/product\/10909","targetHints":{"allow":["GET"]}}],"collection":[{"href":"https:\/\/eltiosam.com.mx\/index.php\/wp-json\/wp\/v2\/product"}],"about":[{"href":"https:\/\/eltiosam.com.mx\/index.php\/wp-json\/wp\/v2\/types\/product"}],"wp:featuredmedia":[{"embeddable":true,"href":"https:\/\/eltiosam.com.mx\/index.php\/wp-json\/wp\/v2\/media\/10910"}],"wp:attachment":[{"href":"https:\/\/eltiosam.com.mx\/index.php\/wp-json\/wp\/v2\/media?parent=10909"}],"wp:term":[{"taxonomy":"product_brand","embeddable":true,"href":"https:\/\/eltiosam.com.mx\/index.php\/wp-json\/wp\/v2\/product_brand?post=10909"},{"taxonomy":"product_cat","embeddable":true,"href":"https:\/\/eltiosam.com.mx\/index.php\/wp-json\/wp\/v2\/product_cat?post=10909"},{"taxonomy":"product_tag","embeddable":true,"href":"https:\/\/eltiosam.com.mx\/index.php\/wp-json\/wp\/v2\/product_tag?post=10909"}],"curies":[{"name":"wp","href":"https:\/\/api.w.org\/{rel}","templated":true}]}}