{"id":10881,"date":"2024-10-18T03:37:05","date_gmt":"2024-10-18T03:37:05","guid":{"rendered":"https:\/\/eltiosam.com.mx\/?post_type=product&#038;p=10881"},"modified":"2024-10-18T03:41:05","modified_gmt":"2024-10-18T03:41:05","slug":"canastilla-multiple-kelekab6031","status":"publish","type":"product","link":"https:\/\/eltiosam.com.mx\/index.php\/product\/canastilla-multiple-kelekab6031\/","title":{"rendered":"CANASTILLA MULTIPLE KELE\tKAB6041"},"content":{"rendered":"<p>La Canastilla M\u00faltiple KELE KAB6041 es una soluci\u00f3n pr\u00e1ctica y vers\u00e1til para el almacenamiento en cocinas, despensas y ba\u00f1os. Su dise\u00f1o permite organizar diversos art\u00edculos de manera eficiente, maximizando el espacio disponible y facilitando el acceso.<\/p>\n","protected":false},"excerpt":{"rendered":"<p>La Canastilla M\u00faltiple KELE KAB6041 es una soluci\u00f3n pr\u00e1ctica y vers\u00e1til para el almacenamiento en cocinas, despensas y ba\u00f1os. Su dise\u00f1o permite organizar diversos art\u00edculos de manera eficiente, maximizando el espacio disponible y facilitando el acceso.<\/p>\n","protected":false},"featured_media":10884,"template":"","meta":{"_joinchat":[]},"product_brand":[],"product_cat":[15],"product_tag":[70],"class_list":{"0":"post-10881","1":"product","2":"type-product","3":"status-publish","4":"has-post-thumbnail","6":"product_cat-uncategorized","7":"product_tag-kele","9":"first","10":"instock","11":"shipping-taxable","12":"product-type-simple"},"_links":{"self":[{"href":"https:\/\/eltiosam.com.mx\/index.php\/wp-json\/wp\/v2\/product\/10881","targetHints":{"allow":["GET"]}}],"collection":[{"href":"https:\/\/eltiosam.com.mx\/index.php\/wp-json\/wp\/v2\/product"}],"about":[{"href":"https:\/\/eltiosam.com.mx\/index.php\/wp-json\/wp\/v2\/types\/product"}],"wp:featuredmedia":[{"embeddable":true,"href":"https:\/\/eltiosam.com.mx\/index.php\/wp-json\/wp\/v2\/media\/10884"}],"wp:attachment":[{"href":"https:\/\/eltiosam.com.mx\/index.php\/wp-json\/wp\/v2\/media?parent=10881"}],"wp:term":[{"taxonomy":"product_brand","embeddable":true,"href":"https:\/\/eltiosam.com.mx\/index.php\/wp-json\/wp\/v2\/product_brand?post=10881"},{"taxonomy":"product_cat","embeddable":true,"href":"https:\/\/eltiosam.com.mx\/index.php\/wp-json\/wp\/v2\/product_cat?post=10881"},{"taxonomy":"product_tag","embeddable":true,"href":"https:\/\/eltiosam.com.mx\/index.php\/wp-json\/wp\/v2\/product_tag?post=10881"}],"curies":[{"name":"wp","href":"https:\/\/api.w.org\/{rel}","templated":true}]}}