{"id":10871,"date":"2024-10-18T03:26:01","date_gmt":"2024-10-18T03:26:01","guid":{"rendered":"https:\/\/eltiosam.com.mx\/?post_type=product&#038;p=10871"},"modified":"2024-10-18T03:27:38","modified_gmt":"2024-10-18T03:27:38","slug":"canastilla-2-niveles-keless-kab8040","status":"publish","type":"product","link":"https:\/\/eltiosam.com.mx\/index.php\/product\/canastilla-2-niveles-keless-kab8040\/","title":{"rendered":"CANASTILLA 2 NIVELES KELE\tSS-KAB8040"},"content":{"rendered":"<p>La Canastilla de 2 Niveles KELE SS-KAB8040 es una soluci\u00f3n pr\u00e1ctica y vers\u00e1til para el almacenamiento en cocinas, ba\u00f1os o cualquier espacio del hogar. Su dise\u00f1o de dos niveles permite optimizar el espacio, facilitando la organizaci\u00f3n de art\u00edculos como alimentos, utensilios o productos de limpieza.<\/p>\n","protected":false},"excerpt":{"rendered":"<p>La Canastilla de 2 Niveles KELE SS-KAB8040 es una soluci\u00f3n pr\u00e1ctica y vers\u00e1til para el almacenamiento en cocinas, ba\u00f1os o cualquier espacio del hogar. Su dise\u00f1o de dos niveles permite optimizar el espacio, facilitando la organizaci\u00f3n de art\u00edculos como alimentos, utensilios o productos de limpieza.<\/p>\n","protected":false},"featured_media":10872,"template":"","meta":{"_joinchat":[]},"product_brand":[],"product_cat":[15],"product_tag":[70],"class_list":{"0":"post-10871","1":"product","2":"type-product","3":"status-publish","4":"has-post-thumbnail","6":"product_cat-uncategorized","7":"product_tag-kele","9":"first","10":"instock","11":"shipping-taxable","12":"product-type-simple"},"_links":{"self":[{"href":"https:\/\/eltiosam.com.mx\/index.php\/wp-json\/wp\/v2\/product\/10871","targetHints":{"allow":["GET"]}}],"collection":[{"href":"https:\/\/eltiosam.com.mx\/index.php\/wp-json\/wp\/v2\/product"}],"about":[{"href":"https:\/\/eltiosam.com.mx\/index.php\/wp-json\/wp\/v2\/types\/product"}],"wp:featuredmedia":[{"embeddable":true,"href":"https:\/\/eltiosam.com.mx\/index.php\/wp-json\/wp\/v2\/media\/10872"}],"wp:attachment":[{"href":"https:\/\/eltiosam.com.mx\/index.php\/wp-json\/wp\/v2\/media?parent=10871"}],"wp:term":[{"taxonomy":"product_brand","embeddable":true,"href":"https:\/\/eltiosam.com.mx\/index.php\/wp-json\/wp\/v2\/product_brand?post=10871"},{"taxonomy":"product_cat","embeddable":true,"href":"https:\/\/eltiosam.com.mx\/index.php\/wp-json\/wp\/v2\/product_cat?post=10871"},{"taxonomy":"product_tag","embeddable":true,"href":"https:\/\/eltiosam.com.mx\/index.php\/wp-json\/wp\/v2\/product_tag?post=10871"}],"curies":[{"name":"wp","href":"https:\/\/api.w.org\/{rel}","templated":true}]}}