{"id":10846,"date":"2024-10-18T03:00:18","date_gmt":"2024-10-18T03:00:18","guid":{"rendered":"https:\/\/eltiosam.com.mx\/?post_type=product&#038;p=10846"},"modified":"2024-10-18T03:01:45","modified_gmt":"2024-10-18T03:01:45","slug":"cesta-doble-kelekab4001","status":"publish","type":"product","link":"https:\/\/eltiosam.com.mx\/index.php\/product\/cesta-doble-kelekab4001\/","title":{"rendered":"CESTA DOBLE KELE\tKAB4001"},"content":{"rendered":"<p>La Cesta Doble KELE KAB4001 es una soluci\u00f3n eficiente para el almacenamiento en cocinas, ba\u00f1os o cualquier espacio que necesite organizaci\u00f3n. Con su dise\u00f1o de dos niveles, permite optimizar el espacio y mantener los objetos al alcance de la mano.<\/p>\n","protected":false},"excerpt":{"rendered":"<p>La Cesta Doble KELE KAB4001 es una soluci\u00f3n eficiente para el almacenamiento en cocinas, ba\u00f1os o cualquier espacio que necesite organizaci\u00f3n. Con su dise\u00f1o de dos niveles, permite optimizar el espacio y mantener los objetos al alcance de la mano.<\/p>\n","protected":false},"featured_media":10847,"template":"","meta":{"_joinchat":[]},"product_brand":[],"product_cat":[164],"product_tag":[70],"class_list":{"0":"post-10846","1":"product","2":"type-product","3":"status-publish","4":"has-post-thumbnail","6":"product_cat-cavas","7":"product_tag-kele","9":"first","10":"instock","11":"shipping-taxable","12":"product-type-simple"},"_links":{"self":[{"href":"https:\/\/eltiosam.com.mx\/index.php\/wp-json\/wp\/v2\/product\/10846","targetHints":{"allow":["GET"]}}],"collection":[{"href":"https:\/\/eltiosam.com.mx\/index.php\/wp-json\/wp\/v2\/product"}],"about":[{"href":"https:\/\/eltiosam.com.mx\/index.php\/wp-json\/wp\/v2\/types\/product"}],"wp:featuredmedia":[{"embeddable":true,"href":"https:\/\/eltiosam.com.mx\/index.php\/wp-json\/wp\/v2\/media\/10847"}],"wp:attachment":[{"href":"https:\/\/eltiosam.com.mx\/index.php\/wp-json\/wp\/v2\/media?parent=10846"}],"wp:term":[{"taxonomy":"product_brand","embeddable":true,"href":"https:\/\/eltiosam.com.mx\/index.php\/wp-json\/wp\/v2\/product_brand?post=10846"},{"taxonomy":"product_cat","embeddable":true,"href":"https:\/\/eltiosam.com.mx\/index.php\/wp-json\/wp\/v2\/product_cat?post=10846"},{"taxonomy":"product_tag","embeddable":true,"href":"https:\/\/eltiosam.com.mx\/index.php\/wp-json\/wp\/v2\/product_tag?post=10846"}],"curies":[{"name":"wp","href":"https:\/\/api.w.org\/{rel}","templated":true}]}}