{"id":10841,"date":"2024-10-18T02:53:40","date_gmt":"2024-10-18T02:53:40","guid":{"rendered":"https:\/\/eltiosam.com.mx\/?post_type=product&#038;p=10841"},"modified":"2024-10-18T02:59:28","modified_gmt":"2024-10-18T02:59:28","slug":"cesta-doble-kelekab4041","status":"publish","type":"product","link":"https:\/\/eltiosam.com.mx\/index.php\/product\/cesta-doble-kelekab4041\/","title":{"rendered":"CESTA DOBLE KELE\tKAB4041"},"content":{"rendered":"<p>La Cesta Doble KELE KAB4041 es una soluci\u00f3n pr\u00e1ctica y funcional para el almacenamiento en la cocina o en el ba\u00f1o. Dise\u00f1ada para maximizar el espacio, esta cesta cuenta con dos niveles, lo que permite organizar y acceder f\u00e1cilmente a una variedad de objetos, desde alimentos hasta utensilios de limpieza.<\/p>\n","protected":false},"excerpt":{"rendered":"<p>La Cesta Doble KELE KAB4041 es una soluci\u00f3n pr\u00e1ctica y funcional para el almacenamiento en la cocina o en el ba\u00f1o. Dise\u00f1ada para maximizar el espacio, esta cesta cuenta con dos niveles, lo que permite organizar y acceder f\u00e1cilmente a una variedad de objetos, desde alimentos hasta utensilios de limpieza.<\/p>\n","protected":false},"featured_media":10842,"template":"","meta":{"_joinchat":[]},"product_brand":[],"product_cat":[164],"product_tag":[70],"class_list":{"0":"post-10841","1":"product","2":"type-product","3":"status-publish","4":"has-post-thumbnail","6":"product_cat-cavas","7":"product_tag-kele","9":"first","10":"instock","11":"shipping-taxable","12":"product-type-simple"},"_links":{"self":[{"href":"https:\/\/eltiosam.com.mx\/index.php\/wp-json\/wp\/v2\/product\/10841","targetHints":{"allow":["GET"]}}],"collection":[{"href":"https:\/\/eltiosam.com.mx\/index.php\/wp-json\/wp\/v2\/product"}],"about":[{"href":"https:\/\/eltiosam.com.mx\/index.php\/wp-json\/wp\/v2\/types\/product"}],"wp:featuredmedia":[{"embeddable":true,"href":"https:\/\/eltiosam.com.mx\/index.php\/wp-json\/wp\/v2\/media\/10842"}],"wp:attachment":[{"href":"https:\/\/eltiosam.com.mx\/index.php\/wp-json\/wp\/v2\/media?parent=10841"}],"wp:term":[{"taxonomy":"product_brand","embeddable":true,"href":"https:\/\/eltiosam.com.mx\/index.php\/wp-json\/wp\/v2\/product_brand?post=10841"},{"taxonomy":"product_cat","embeddable":true,"href":"https:\/\/eltiosam.com.mx\/index.php\/wp-json\/wp\/v2\/product_cat?post=10841"},{"taxonomy":"product_tag","embeddable":true,"href":"https:\/\/eltiosam.com.mx\/index.php\/wp-json\/wp\/v2\/product_tag?post=10841"}],"curies":[{"name":"wp","href":"https:\/\/api.w.org\/{rel}","templated":true}]}}