{"id":10840,"date":"2024-10-18T02:49:49","date_gmt":"2024-10-18T02:49:49","guid":{"rendered":"https:\/\/eltiosam.com.mx\/?post_type=product&#038;p=10840"},"modified":"2024-10-18T02:51:14","modified_gmt":"2024-10-18T02:51:14","slug":"botellero-2-niveles-keless-kab8020","status":"publish","type":"product","link":"https:\/\/eltiosam.com.mx\/index.php\/product\/botellero-2-niveles-keless-kab8020\/","title":{"rendered":"BOTELLERO 2 NIVELES KELE\tSS-KAB8020"},"content":{"rendered":"<p>El <strong>botellero de 2 niveles KELE SS-KAB8020 <\/strong>, es una opci\u00f3n pr\u00e1ctica para organizar botellas en la cocina pr\u00e1ctica y elegante.<\/p>\n","protected":false},"excerpt":{"rendered":"<p>El botellero de 2 niveles KELE SS-KAB8020 , es una opci\u00f3n pr\u00e1ctica para organizar botellas en la cocina pr\u00e1ctica y elegante.<\/p>\n","protected":false},"featured_media":10839,"template":"","meta":{"_joinchat":[]},"product_brand":[],"product_cat":[164],"product_tag":[70],"class_list":{"0":"post-10840","1":"product","2":"type-product","3":"status-publish","4":"has-post-thumbnail","6":"product_cat-cavas","7":"product_tag-kele","9":"first","10":"instock","11":"shipping-taxable","12":"product-type-simple"},"_links":{"self":[{"href":"https:\/\/eltiosam.com.mx\/index.php\/wp-json\/wp\/v2\/product\/10840","targetHints":{"allow":["GET"]}}],"collection":[{"href":"https:\/\/eltiosam.com.mx\/index.php\/wp-json\/wp\/v2\/product"}],"about":[{"href":"https:\/\/eltiosam.com.mx\/index.php\/wp-json\/wp\/v2\/types\/product"}],"wp:featuredmedia":[{"embeddable":true,"href":"https:\/\/eltiosam.com.mx\/index.php\/wp-json\/wp\/v2\/media\/10839"}],"wp:attachment":[{"href":"https:\/\/eltiosam.com.mx\/index.php\/wp-json\/wp\/v2\/media?parent=10840"}],"wp:term":[{"taxonomy":"product_brand","embeddable":true,"href":"https:\/\/eltiosam.com.mx\/index.php\/wp-json\/wp\/v2\/product_brand?post=10840"},{"taxonomy":"product_cat","embeddable":true,"href":"https:\/\/eltiosam.com.mx\/index.php\/wp-json\/wp\/v2\/product_cat?post=10840"},{"taxonomy":"product_tag","embeddable":true,"href":"https:\/\/eltiosam.com.mx\/index.php\/wp-json\/wp\/v2\/product_tag?post=10840"}],"curies":[{"name":"wp","href":"https:\/\/api.w.org\/{rel}","templated":true}]}}