{"id":10830,"date":"2024-10-18T02:36:36","date_gmt":"2024-10-18T02:36:36","guid":{"rendered":"https:\/\/eltiosam.com.mx\/?post_type=product&#038;p=10830"},"modified":"2024-10-18T02:39:26","modified_gmt":"2024-10-18T02:39:26","slug":"botellero-2-niveles-kele-kab4098","status":"publish","type":"product","link":"https:\/\/eltiosam.com.mx\/index.php\/product\/botellero-2-niveles-kele-kab4098\/","title":{"rendered":"BOTELLERO 2 NIVELES KELE KAB4098"},"content":{"rendered":"<p>El <strong>botellero de 2 niveles KELE KAB4098<\/strong> es una opci\u00f3n pr\u00e1ctica y elegante para organizar tus botellas en la cocina. Est\u00e1 fabricado en <strong>acero y hierro<\/strong> con un acabado en <strong>cromo<\/strong>, lo que le brinda un aspecto moderno y duradero.<\/p>\n","protected":false},"excerpt":{"rendered":"<p>El botellero de 2 niveles KELE KAB4098 es una opci\u00f3n pr\u00e1ctica y elegante para organizar tus botellas en la cocina. Est\u00e1 fabricado en acero y hierro con un acabado en cromo, lo que le brinda un aspecto moderno y duradero.<\/p>\n","protected":false},"featured_media":10831,"template":"","meta":{"_joinchat":[]},"product_brand":[],"product_cat":[164],"product_tag":[70],"class_list":{"0":"post-10830","1":"product","2":"type-product","3":"status-publish","4":"has-post-thumbnail","6":"product_cat-cavas","7":"product_tag-kele","9":"first","10":"instock","11":"shipping-taxable","12":"product-type-simple"},"_links":{"self":[{"href":"https:\/\/eltiosam.com.mx\/index.php\/wp-json\/wp\/v2\/product\/10830","targetHints":{"allow":["GET"]}}],"collection":[{"href":"https:\/\/eltiosam.com.mx\/index.php\/wp-json\/wp\/v2\/product"}],"about":[{"href":"https:\/\/eltiosam.com.mx\/index.php\/wp-json\/wp\/v2\/types\/product"}],"wp:featuredmedia":[{"embeddable":true,"href":"https:\/\/eltiosam.com.mx\/index.php\/wp-json\/wp\/v2\/media\/10831"}],"wp:attachment":[{"href":"https:\/\/eltiosam.com.mx\/index.php\/wp-json\/wp\/v2\/media?parent=10830"}],"wp:term":[{"taxonomy":"product_brand","embeddable":true,"href":"https:\/\/eltiosam.com.mx\/index.php\/wp-json\/wp\/v2\/product_brand?post=10830"},{"taxonomy":"product_cat","embeddable":true,"href":"https:\/\/eltiosam.com.mx\/index.php\/wp-json\/wp\/v2\/product_cat?post=10830"},{"taxonomy":"product_tag","embeddable":true,"href":"https:\/\/eltiosam.com.mx\/index.php\/wp-json\/wp\/v2\/product_tag?post=10830"}],"curies":[{"name":"wp","href":"https:\/\/api.w.org\/{rel}","templated":true}]}}