{"id":10815,"date":"2024-10-18T02:19:40","date_gmt":"2024-10-18T02:19:40","guid":{"rendered":"https:\/\/eltiosam.com.mx\/?post_type=product&#038;p=10815"},"modified":"2024-10-18T02:20:52","modified_gmt":"2024-10-18T02:20:52","slug":"escurridor-inteligente-kelekas-1-41","status":"publish","type":"product","link":"https:\/\/eltiosam.com.mx\/index.php\/product\/escurridor-inteligente-kelekas-1-41\/","title":{"rendered":"ESCURRIDOR INTELIGENTE KELE\tKAS-1-41"},"content":{"rendered":"<p>Descripci\u00f3n:<\/p>\n<p>El <strong>escurridor inteligente KELE KAS-1-41<\/strong> es un pr\u00e1ctico accesorio dise\u00f1ado para optimizar el espacio sobre el fregadero. Fabricado en <strong>acero inoxidable<\/strong> con un elegante acabado <strong>sat\u00edn<\/strong>, ofrece durabilidad y resistencia a la corrosi\u00f3n.<\/p>\n","protected":false},"excerpt":{"rendered":"<p>Descripci\u00f3n: El escurridor inteligente KELE KAS-1-41 es un pr\u00e1ctico accesorio dise\u00f1ado para optimizar el espacio sobre el fregadero. Fabricado en acero inoxidable con un elegante acabado sat\u00edn, ofrece durabilidad y resistencia a la corrosi\u00f3n.<\/p>\n","protected":false},"featured_media":10812,"template":"","meta":{"_joinchat":[]},"product_brand":[],"product_cat":[47],"product_tag":[70],"class_list":{"0":"post-10815","1":"product","2":"type-product","3":"status-publish","4":"has-post-thumbnail","6":"product_cat-tarjas","7":"product_tag-kele","9":"first","10":"instock","11":"shipping-taxable","12":"product-type-simple"},"_links":{"self":[{"href":"https:\/\/eltiosam.com.mx\/index.php\/wp-json\/wp\/v2\/product\/10815","targetHints":{"allow":["GET"]}}],"collection":[{"href":"https:\/\/eltiosam.com.mx\/index.php\/wp-json\/wp\/v2\/product"}],"about":[{"href":"https:\/\/eltiosam.com.mx\/index.php\/wp-json\/wp\/v2\/types\/product"}],"wp:featuredmedia":[{"embeddable":true,"href":"https:\/\/eltiosam.com.mx\/index.php\/wp-json\/wp\/v2\/media\/10812"}],"wp:attachment":[{"href":"https:\/\/eltiosam.com.mx\/index.php\/wp-json\/wp\/v2\/media?parent=10815"}],"wp:term":[{"taxonomy":"product_brand","embeddable":true,"href":"https:\/\/eltiosam.com.mx\/index.php\/wp-json\/wp\/v2\/product_brand?post=10815"},{"taxonomy":"product_cat","embeddable":true,"href":"https:\/\/eltiosam.com.mx\/index.php\/wp-json\/wp\/v2\/product_cat?post=10815"},{"taxonomy":"product_tag","embeddable":true,"href":"https:\/\/eltiosam.com.mx\/index.php\/wp-json\/wp\/v2\/product_tag?post=10815"}],"curies":[{"name":"wp","href":"https:\/\/api.w.org\/{rel}","templated":true}]}}