{"id":10803,"date":"2024-10-10T00:00:36","date_gmt":"2024-10-10T00:00:36","guid":{"rendered":"https:\/\/eltiosam.com.mx\/?post_type=product&#038;p=10803"},"modified":"2024-10-10T00:02:30","modified_gmt":"2024-10-10T00:02:30","slug":"tarja-emp-c-acces-kelekts3120a","status":"publish","type":"product","link":"https:\/\/eltiosam.com.mx\/index.php\/product\/tarja-emp-c-acces-kelekts3120a\/","title":{"rendered":"TARJA EMP. C\/ACCES. KELE\tKTS3120A"},"content":{"rendered":"<p>Descripci\u00f3n:<\/p>\n<p>La tarja con accesorios de Kele KTS3120A presenta un dise\u00f1o de doble tina que incluye dos perforaciones, perfectas para un grifo monomando y un dispensador de jab\u00f3n. Su acabado en cromo cepillado y el recubrimiento de poliuretano brindan una apariencia contempor\u00e1nea y resistencia. Con sus accesorios pr\u00e1cticos que mejoran la funcionalidad, esta tarja se instala empotrada, coloc\u00e1ndose c\u00f3modamente sobre la encimera para una integraci\u00f3n fluida en tu cocina.<\/p>\n","protected":false},"excerpt":{"rendered":"<p>Descripci\u00f3n: La tarja con accesorios de Kele KTS3120A presenta un dise\u00f1o de doble tina que incluye dos perforaciones, perfectas para un grifo monomando y un dispensador de jab\u00f3n. Su acabado en cromo cepillado y el recubrimiento de poliuretano brindan una apariencia contempor\u00e1nea y resistencia. Con sus accesorios pr\u00e1cticos que mejoran la funcionalidad, esta tarja se [&hellip;]<\/p>\n","protected":false},"featured_media":10804,"template":"","meta":{"_joinchat":[]},"product_brand":[],"product_cat":[47],"product_tag":[70],"class_list":{"0":"post-10803","1":"product","2":"type-product","3":"status-publish","4":"has-post-thumbnail","6":"product_cat-tarjas","7":"product_tag-kele","9":"first","10":"instock","11":"shipping-taxable","12":"product-type-simple"},"_links":{"self":[{"href":"https:\/\/eltiosam.com.mx\/index.php\/wp-json\/wp\/v2\/product\/10803","targetHints":{"allow":["GET"]}}],"collection":[{"href":"https:\/\/eltiosam.com.mx\/index.php\/wp-json\/wp\/v2\/product"}],"about":[{"href":"https:\/\/eltiosam.com.mx\/index.php\/wp-json\/wp\/v2\/types\/product"}],"wp:featuredmedia":[{"embeddable":true,"href":"https:\/\/eltiosam.com.mx\/index.php\/wp-json\/wp\/v2\/media\/10804"}],"wp:attachment":[{"href":"https:\/\/eltiosam.com.mx\/index.php\/wp-json\/wp\/v2\/media?parent=10803"}],"wp:term":[{"taxonomy":"product_brand","embeddable":true,"href":"https:\/\/eltiosam.com.mx\/index.php\/wp-json\/wp\/v2\/product_brand?post=10803"},{"taxonomy":"product_cat","embeddable":true,"href":"https:\/\/eltiosam.com.mx\/index.php\/wp-json\/wp\/v2\/product_cat?post=10803"},{"taxonomy":"product_tag","embeddable":true,"href":"https:\/\/eltiosam.com.mx\/index.php\/wp-json\/wp\/v2\/product_tag?post=10803"}],"curies":[{"name":"wp","href":"https:\/\/api.w.org\/{rel}","templated":true}]}}