{"id":10784,"date":"2024-10-09T23:39:27","date_gmt":"2024-10-09T23:39:27","guid":{"rendered":"https:\/\/eltiosam.com.mx\/?post_type=product&#038;p=10784"},"modified":"2024-10-09T23:41:48","modified_gmt":"2024-10-09T23:41:48","slug":"tarja-1-pila-faldon-kelekhs2918a","status":"publish","type":"product","link":"https:\/\/eltiosam.com.mx\/index.php\/product\/tarja-1-pila-faldon-kelekhs2918a\/","title":{"rendered":"TARJA 1 PILA FALDON KELE\tKHS2918A"},"content":{"rendered":"<p>Descripci\u00f3n:<\/p>\n<p>La tarja Kele KHS2918A es una excelente opci\u00f3n para cocinas espaciosas que buscan un dise\u00f1o atractivo y pr\u00e1ctico. Su elegante acabado en acero inoxidable cepillado y su generosa profundidad facilitan el uso de utensilios grandes.<\/p>\n","protected":false},"excerpt":{"rendered":"<p>Descripci\u00f3n: La tarja Kele KHS2918A es una excelente opci\u00f3n para cocinas espaciosas que buscan un dise\u00f1o atractivo y pr\u00e1ctico. Su elegante acabado en acero inoxidable cepillado y su generosa profundidad facilitan el uso de utensilios grandes.<\/p>\n","protected":false},"featured_media":10785,"template":"","meta":{"_joinchat":[]},"product_brand":[],"product_cat":[47],"product_tag":[70],"class_list":{"0":"post-10784","1":"product","2":"type-product","3":"status-publish","4":"has-post-thumbnail","6":"product_cat-tarjas","7":"product_tag-kele","9":"first","10":"instock","11":"shipping-taxable","12":"product-type-simple"},"_links":{"self":[{"href":"https:\/\/eltiosam.com.mx\/index.php\/wp-json\/wp\/v2\/product\/10784","targetHints":{"allow":["GET"]}}],"collection":[{"href":"https:\/\/eltiosam.com.mx\/index.php\/wp-json\/wp\/v2\/product"}],"about":[{"href":"https:\/\/eltiosam.com.mx\/index.php\/wp-json\/wp\/v2\/types\/product"}],"wp:featuredmedia":[{"embeddable":true,"href":"https:\/\/eltiosam.com.mx\/index.php\/wp-json\/wp\/v2\/media\/10785"}],"wp:attachment":[{"href":"https:\/\/eltiosam.com.mx\/index.php\/wp-json\/wp\/v2\/media?parent=10784"}],"wp:term":[{"taxonomy":"product_brand","embeddable":true,"href":"https:\/\/eltiosam.com.mx\/index.php\/wp-json\/wp\/v2\/product_brand?post=10784"},{"taxonomy":"product_cat","embeddable":true,"href":"https:\/\/eltiosam.com.mx\/index.php\/wp-json\/wp\/v2\/product_cat?post=10784"},{"taxonomy":"product_tag","embeddable":true,"href":"https:\/\/eltiosam.com.mx\/index.php\/wp-json\/wp\/v2\/product_tag?post=10784"}],"curies":[{"name":"wp","href":"https:\/\/api.w.org\/{rel}","templated":true}]}}