{"id":10781,"date":"2024-10-09T23:37:16","date_gmt":"2024-10-09T23:37:16","guid":{"rendered":"https:\/\/eltiosam.com.mx\/?post_type=product&#038;p=10781"},"modified":"2024-10-09T23:39:02","modified_gmt":"2024-10-09T23:39:02","slug":"tarja-1-pila-kelekhs2319","status":"publish","type":"product","link":"https:\/\/eltiosam.com.mx\/index.php\/product\/tarja-1-pila-kelekhs2319\/","title":{"rendered":"TARJA 1 PILA KELE\tKHS2319"},"content":{"rendered":"<p>Descripci\u00f3n:<\/p>\n<p>La tarja Kele KHS2319 es perfecta para cocinas amplias que desean una fusi\u00f3n de estilo y funcionalidad. Con su elegante acabado en acero inoxidable cepillado y una profunda cavidad, maneja f\u00e1cilmente utensilios grandes. Adem\u00e1s, su dise\u00f1o de instalaci\u00f3n bajo encimera proporciona una est\u00e9tica moderna y limpia, sin bordes visibles.<\/p>\n","protected":false},"excerpt":{"rendered":"<p>Descripci\u00f3n: La tarja Kele KHS2319 es perfecta para cocinas amplias que desean una fusi\u00f3n de estilo y funcionalidad. Con su elegante acabado en acero inoxidable cepillado y una profunda cavidad, maneja f\u00e1cilmente utensilios grandes. Adem\u00e1s, su dise\u00f1o de instalaci\u00f3n bajo encimera proporciona una est\u00e9tica moderna y limpia, sin bordes visibles.<\/p>\n","protected":false},"featured_media":10782,"template":"","meta":{"_joinchat":[]},"product_brand":[],"product_cat":[47],"product_tag":[70],"class_list":{"0":"post-10781","1":"product","2":"type-product","3":"status-publish","4":"has-post-thumbnail","6":"product_cat-tarjas","7":"product_tag-kele","9":"first","10":"instock","11":"shipping-taxable","12":"product-type-simple"},"_links":{"self":[{"href":"https:\/\/eltiosam.com.mx\/index.php\/wp-json\/wp\/v2\/product\/10781","targetHints":{"allow":["GET"]}}],"collection":[{"href":"https:\/\/eltiosam.com.mx\/index.php\/wp-json\/wp\/v2\/product"}],"about":[{"href":"https:\/\/eltiosam.com.mx\/index.php\/wp-json\/wp\/v2\/types\/product"}],"wp:featuredmedia":[{"embeddable":true,"href":"https:\/\/eltiosam.com.mx\/index.php\/wp-json\/wp\/v2\/media\/10782"}],"wp:attachment":[{"href":"https:\/\/eltiosam.com.mx\/index.php\/wp-json\/wp\/v2\/media?parent=10781"}],"wp:term":[{"taxonomy":"product_brand","embeddable":true,"href":"https:\/\/eltiosam.com.mx\/index.php\/wp-json\/wp\/v2\/product_brand?post=10781"},{"taxonomy":"product_cat","embeddable":true,"href":"https:\/\/eltiosam.com.mx\/index.php\/wp-json\/wp\/v2\/product_cat?post=10781"},{"taxonomy":"product_tag","embeddable":true,"href":"https:\/\/eltiosam.com.mx\/index.php\/wp-json\/wp\/v2\/product_tag?post=10781"}],"curies":[{"name":"wp","href":"https:\/\/api.w.org\/{rel}","templated":true}]}}