{"id":10775,"date":"2024-10-09T23:31:54","date_gmt":"2024-10-09T23:31:54","guid":{"rendered":"https:\/\/eltiosam.com.mx\/?post_type=product&#038;p=10775"},"modified":"2024-10-09T23:34:28","modified_gmt":"2024-10-09T23:34:28","slug":"tarja-sub-79-5-x45-6-2-p-kelekud3118-nx","status":"publish","type":"product","link":"https:\/\/eltiosam.com.mx\/index.php\/product\/tarja-sub-79-5-x45-6-2-p-kelekud3118-nx\/","title":{"rendered":"TARJA SUB. 79.5 X45.6 2 P. KELE\tKUD3118-NX"},"content":{"rendered":"<p>Descripci\u00f3n:<\/p>\n<p>La tarja doble Kele KUD3118-NX , dise\u00f1ada para instalaci\u00f3n bajo encimera, es la opci\u00f3n perfecta para cocinas amplias que valoran el estilo y la funcionalidad. Su acabado en acero inoxidable cepillado y su considerable profundidad permiten manejar utensilios grandes con facilidad, mientras que su dise\u00f1o sin bordes aporta un toque contempor\u00e1neo y limpio.<\/p>\n","protected":false},"excerpt":{"rendered":"<p>Descripci\u00f3n: La tarja doble Kele KUD3118-NX , dise\u00f1ada para instalaci\u00f3n bajo encimera, es la opci\u00f3n perfecta para cocinas amplias que valoran el estilo y la funcionalidad. Su acabado en acero inoxidable cepillado y su considerable profundidad permiten manejar utensilios grandes con facilidad, mientras que su dise\u00f1o sin bordes aporta un toque contempor\u00e1neo y limpio.<\/p>\n","protected":false},"featured_media":10776,"template":"","meta":{"_joinchat":[]},"product_brand":[],"product_cat":[47],"product_tag":[70],"class_list":{"0":"post-10775","1":"product","2":"type-product","3":"status-publish","4":"has-post-thumbnail","6":"product_cat-tarjas","7":"product_tag-kele","9":"first","10":"instock","11":"shipping-taxable","12":"product-type-simple"},"_links":{"self":[{"href":"https:\/\/eltiosam.com.mx\/index.php\/wp-json\/wp\/v2\/product\/10775","targetHints":{"allow":["GET"]}}],"collection":[{"href":"https:\/\/eltiosam.com.mx\/index.php\/wp-json\/wp\/v2\/product"}],"about":[{"href":"https:\/\/eltiosam.com.mx\/index.php\/wp-json\/wp\/v2\/types\/product"}],"wp:featuredmedia":[{"embeddable":true,"href":"https:\/\/eltiosam.com.mx\/index.php\/wp-json\/wp\/v2\/media\/10776"}],"wp:attachment":[{"href":"https:\/\/eltiosam.com.mx\/index.php\/wp-json\/wp\/v2\/media?parent=10775"}],"wp:term":[{"taxonomy":"product_brand","embeddable":true,"href":"https:\/\/eltiosam.com.mx\/index.php\/wp-json\/wp\/v2\/product_brand?post=10775"},{"taxonomy":"product_cat","embeddable":true,"href":"https:\/\/eltiosam.com.mx\/index.php\/wp-json\/wp\/v2\/product_cat?post=10775"},{"taxonomy":"product_tag","embeddable":true,"href":"https:\/\/eltiosam.com.mx\/index.php\/wp-json\/wp\/v2\/product_tag?post=10775"}],"curies":[{"name":"wp","href":"https:\/\/api.w.org\/{rel}","templated":true}]}}