{"id":10769,"date":"2024-10-09T23:23:42","date_gmt":"2024-10-09T23:23:42","guid":{"rendered":"https:\/\/eltiosam.com.mx\/?post_type=product&#038;p=10769"},"modified":"2024-10-09T23:26:20","modified_gmt":"2024-10-09T23:26:20","slug":"tarja-sub-76-2x45-7-1-p-kelekus3018-n","status":"publish","type":"product","link":"https:\/\/eltiosam.com.mx\/index.php\/product\/tarja-sub-76-2x45-7-1-p-kelekus3018-n\/","title":{"rendered":"TARJA SUB. 76.2X45-7 1 P. KELE\tKUS3018-N"},"content":{"rendered":"<p>Descripci\u00f3n:<\/p>\n<p>La <strong>tarja de submontar Kele KUS3018-N<\/strong> es la elecci\u00f3n perfecta para cocinas amplias que buscan una combinaci\u00f3n de espacio y estilo. Su dise\u00f1o de acero inoxidable cepillado y su gran profundidad ofrecen comodidad para manejar todo tipo de utensilios grandes, mientras que su instalaci\u00f3n bajo encimera garantiza una apariencia moderna y libre de bordes. Adem\u00e1s, el aislamiento ac\u00fastico convierte esta tarja en una opci\u00f3n silenciosa y funcional para el d\u00eda a d\u00eda.<\/p>\n","protected":false},"excerpt":{"rendered":"<p>Descripci\u00f3n: La tarja de submontar Kele KUS3018-N es la elecci\u00f3n perfecta para cocinas amplias que buscan una combinaci\u00f3n de espacio y estilo. Su dise\u00f1o de acero inoxidable cepillado y su gran profundidad ofrecen comodidad para manejar todo tipo de utensilios grandes, mientras que su instalaci\u00f3n bajo encimera garantiza una apariencia moderna y libre de bordes. [&hellip;]<\/p>\n","protected":false},"featured_media":10770,"template":"","meta":{"_joinchat":[]},"product_brand":[],"product_cat":[47],"product_tag":[70],"class_list":{"0":"post-10769","1":"product","2":"type-product","3":"status-publish","4":"has-post-thumbnail","6":"product_cat-tarjas","7":"product_tag-kele","9":"first","10":"instock","11":"shipping-taxable","12":"product-type-simple"},"_links":{"self":[{"href":"https:\/\/eltiosam.com.mx\/index.php\/wp-json\/wp\/v2\/product\/10769","targetHints":{"allow":["GET"]}}],"collection":[{"href":"https:\/\/eltiosam.com.mx\/index.php\/wp-json\/wp\/v2\/product"}],"about":[{"href":"https:\/\/eltiosam.com.mx\/index.php\/wp-json\/wp\/v2\/types\/product"}],"wp:featuredmedia":[{"embeddable":true,"href":"https:\/\/eltiosam.com.mx\/index.php\/wp-json\/wp\/v2\/media\/10770"}],"wp:attachment":[{"href":"https:\/\/eltiosam.com.mx\/index.php\/wp-json\/wp\/v2\/media?parent=10769"}],"wp:term":[{"taxonomy":"product_brand","embeddable":true,"href":"https:\/\/eltiosam.com.mx\/index.php\/wp-json\/wp\/v2\/product_brand?post=10769"},{"taxonomy":"product_cat","embeddable":true,"href":"https:\/\/eltiosam.com.mx\/index.php\/wp-json\/wp\/v2\/product_cat?post=10769"},{"taxonomy":"product_tag","embeddable":true,"href":"https:\/\/eltiosam.com.mx\/index.php\/wp-json\/wp\/v2\/product_tag?post=10769"}],"curies":[{"name":"wp","href":"https:\/\/api.w.org\/{rel}","templated":true}]}}