{"id":10763,"date":"2024-10-09T23:13:14","date_gmt":"2024-10-09T23:13:14","guid":{"rendered":"https:\/\/eltiosam.com.mx\/?post_type=product&#038;p=10763"},"modified":"2024-10-09T23:21:02","modified_gmt":"2024-10-09T23:21:02","slug":"tarja-sub-59x44-1-p-kelekuso2318-9","status":"publish","type":"product","link":"https:\/\/eltiosam.com.mx\/index.php\/product\/tarja-sub-59x44-1-p-kelekuso2318-9\/","title":{"rendered":"TARJA SUB. 59X44 1 P. KELE\tKUSO2318-9"},"content":{"rendered":"<p>Descripci\u00f3n:<\/p>\n<p>La <strong>tarja de submontar Kele KUSO2318-9<\/strong> es la elecci\u00f3n ideal para quienes buscan una combinaci\u00f3n de estilo y funcionalidad en su cocina. Con una profundidad extra de 23 cm, es perfecta para manejar utensilios grandes sin salpicaduras, mientras que su dise\u00f1o submontar le da un toque moderno y facilita la limpieza. El acero inoxidable cepillado asegura durabilidad y una apariencia siempre limpia, y su aislamiento ac\u00fastico mejora el confort en cada uso.<\/p>\n","protected":false},"excerpt":{"rendered":"<p>Descripci\u00f3n: La tarja de submontar Kele KUSO2318-9 es la elecci\u00f3n ideal para quienes buscan una combinaci\u00f3n de estilo y funcionalidad en su cocina. Con una profundidad extra de 23 cm, es perfecta para manejar utensilios grandes sin salpicaduras, mientras que su dise\u00f1o submontar le da un toque moderno y facilita la limpieza. El acero inoxidable [&hellip;]<\/p>\n","protected":false},"featured_media":10764,"template":"","meta":{"_joinchat":[]},"product_brand":[],"product_cat":[47],"product_tag":[70],"class_list":{"0":"post-10763","1":"product","2":"type-product","3":"status-publish","4":"has-post-thumbnail","6":"product_cat-tarjas","7":"product_tag-kele","9":"first","10":"instock","11":"shipping-taxable","12":"product-type-simple"},"_links":{"self":[{"href":"https:\/\/eltiosam.com.mx\/index.php\/wp-json\/wp\/v2\/product\/10763","targetHints":{"allow":["GET"]}}],"collection":[{"href":"https:\/\/eltiosam.com.mx\/index.php\/wp-json\/wp\/v2\/product"}],"about":[{"href":"https:\/\/eltiosam.com.mx\/index.php\/wp-json\/wp\/v2\/types\/product"}],"wp:featuredmedia":[{"embeddable":true,"href":"https:\/\/eltiosam.com.mx\/index.php\/wp-json\/wp\/v2\/media\/10764"}],"wp:attachment":[{"href":"https:\/\/eltiosam.com.mx\/index.php\/wp-json\/wp\/v2\/media?parent=10763"}],"wp:term":[{"taxonomy":"product_brand","embeddable":true,"href":"https:\/\/eltiosam.com.mx\/index.php\/wp-json\/wp\/v2\/product_brand?post=10763"},{"taxonomy":"product_cat","embeddable":true,"href":"https:\/\/eltiosam.com.mx\/index.php\/wp-json\/wp\/v2\/product_cat?post=10763"},{"taxonomy":"product_tag","embeddable":true,"href":"https:\/\/eltiosam.com.mx\/index.php\/wp-json\/wp\/v2\/product_tag?post=10763"}],"curies":[{"name":"wp","href":"https:\/\/api.w.org\/{rel}","templated":true}]}}