{"id":10757,"date":"2024-10-09T23:08:18","date_gmt":"2024-10-09T23:08:18","guid":{"rendered":"https:\/\/eltiosam.com.mx\/?post_type=product&#038;p=10757"},"modified":"2024-10-09T23:10:07","modified_gmt":"2024-10-09T23:10:07","slug":"tarja-sub-44-5x41-1-p-kelekuso1817-8","status":"publish","type":"product","link":"https:\/\/eltiosam.com.mx\/index.php\/product\/tarja-sub-44-5x41-1-p-kelekuso1817-8\/","title":{"rendered":"TARJA SUB. 44.5X41 1 P. KELE\tKUSO1817-8"},"content":{"rendered":"<p>Descripci\u00f3n:<\/p>\n<p>La <strong>tarja de submontar Kele KUSO1817-8<\/strong> es la combinaci\u00f3n perfecta entre elegancia y funcionalidad. Su dise\u00f1o de acero inoxidable cepillado y su profundidad generosa de 20 cm la hacen ideal para cualquier cocina, permitiendo lavar utensilios grandes con comodidad y manteniendo un estilo moderno y limpio. Adem\u00e1s, su instalaci\u00f3n bajo encimera y el aislamiento ac\u00fastico ofrecen comodidad y estilo en cada uso.<\/p>\n","protected":false},"excerpt":{"rendered":"<p>Descripci\u00f3n: La tarja de submontar Kele KUSO1817-8 es la combinaci\u00f3n perfecta entre elegancia y funcionalidad. Su dise\u00f1o de acero inoxidable cepillado y su profundidad generosa de 20 cm la hacen ideal para cualquier cocina, permitiendo lavar utensilios grandes con comodidad y manteniendo un estilo moderno y limpio. Adem\u00e1s, su instalaci\u00f3n bajo encimera y el aislamiento [&hellip;]<\/p>\n","protected":false},"featured_media":10758,"template":"","meta":{"_joinchat":[]},"product_brand":[],"product_cat":[47],"product_tag":[70],"class_list":{"0":"post-10757","1":"product","2":"type-product","3":"status-publish","4":"has-post-thumbnail","6":"product_cat-tarjas","7":"product_tag-kele","9":"first","10":"instock","11":"shipping-taxable","12":"product-type-simple"},"_links":{"self":[{"href":"https:\/\/eltiosam.com.mx\/index.php\/wp-json\/wp\/v2\/product\/10757","targetHints":{"allow":["GET"]}}],"collection":[{"href":"https:\/\/eltiosam.com.mx\/index.php\/wp-json\/wp\/v2\/product"}],"about":[{"href":"https:\/\/eltiosam.com.mx\/index.php\/wp-json\/wp\/v2\/types\/product"}],"wp:featuredmedia":[{"embeddable":true,"href":"https:\/\/eltiosam.com.mx\/index.php\/wp-json\/wp\/v2\/media\/10758"}],"wp:attachment":[{"href":"https:\/\/eltiosam.com.mx\/index.php\/wp-json\/wp\/v2\/media?parent=10757"}],"wp:term":[{"taxonomy":"product_brand","embeddable":true,"href":"https:\/\/eltiosam.com.mx\/index.php\/wp-json\/wp\/v2\/product_brand?post=10757"},{"taxonomy":"product_cat","embeddable":true,"href":"https:\/\/eltiosam.com.mx\/index.php\/wp-json\/wp\/v2\/product_cat?post=10757"},{"taxonomy":"product_tag","embeddable":true,"href":"https:\/\/eltiosam.com.mx\/index.php\/wp-json\/wp\/v2\/product_tag?post=10757"}],"curies":[{"name":"wp","href":"https:\/\/api.w.org\/{rel}","templated":true}]}}