{"id":10732,"date":"2024-10-05T03:54:01","date_gmt":"2024-10-05T03:54:01","guid":{"rendered":"https:\/\/eltiosam.com.mx\/?post_type=product&#038;p=10732"},"modified":"2024-10-05T03:57:04","modified_gmt":"2024-10-05T03:57:04","slug":"microondas-1-1p3-gemge11sej","status":"publish","type":"product","link":"https:\/\/eltiosam.com.mx\/index.php\/product\/microondas-1-1p3-gemge11sej\/","title":{"rendered":"MICROONDAS 1.1p3 GE\tMGE11SEJ"},"content":{"rendered":"<p><strong>Descripci\u00f3n<\/strong>:<br \/>\nEl <strong>GE MGE11SEJ Microondas de 1.1 pies c\u00fabicos<\/strong> ofrece una combinaci\u00f3n de gran capacidad y potencia de 1100 watts, ideal para familias o quienes necesitan cocinar o calentar alimentos r\u00e1pidamente y con eficiencia. Con opciones preprogramadas y un dise\u00f1o elegante en acero inoxidable, es perfecto para cualquier cocina que busque funcionalidad y estilo.<\/p>\n","protected":false},"excerpt":{"rendered":"<p>Descripci\u00f3n: El GE MGE11SEJ Microondas de 1.1 pies c\u00fabicos ofrece una combinaci\u00f3n de gran capacidad y potencia de 1100 watts, ideal para familias o quienes necesitan cocinar o calentar alimentos r\u00e1pidamente y con eficiencia. Con opciones preprogramadas y un dise\u00f1o elegante en acero inoxidable, es perfecto para cualquier cocina que busque funcionalidad y estilo.<\/p>\n","protected":false},"featured_media":10733,"template":"","meta":{"_joinchat":[]},"product_brand":[],"product_cat":[184],"product_tag":[57],"class_list":{"0":"post-10732","1":"product","2":"type-product","3":"status-publish","4":"has-post-thumbnail","6":"product_cat-microondas","7":"product_tag-ge","9":"first","10":"instock","11":"shipping-taxable","12":"product-type-simple"},"_links":{"self":[{"href":"https:\/\/eltiosam.com.mx\/index.php\/wp-json\/wp\/v2\/product\/10732","targetHints":{"allow":["GET"]}}],"collection":[{"href":"https:\/\/eltiosam.com.mx\/index.php\/wp-json\/wp\/v2\/product"}],"about":[{"href":"https:\/\/eltiosam.com.mx\/index.php\/wp-json\/wp\/v2\/types\/product"}],"wp:featuredmedia":[{"embeddable":true,"href":"https:\/\/eltiosam.com.mx\/index.php\/wp-json\/wp\/v2\/media\/10733"}],"wp:attachment":[{"href":"https:\/\/eltiosam.com.mx\/index.php\/wp-json\/wp\/v2\/media?parent=10732"}],"wp:term":[{"taxonomy":"product_brand","embeddable":true,"href":"https:\/\/eltiosam.com.mx\/index.php\/wp-json\/wp\/v2\/product_brand?post=10732"},{"taxonomy":"product_cat","embeddable":true,"href":"https:\/\/eltiosam.com.mx\/index.php\/wp-json\/wp\/v2\/product_cat?post=10732"},{"taxonomy":"product_tag","embeddable":true,"href":"https:\/\/eltiosam.com.mx\/index.php\/wp-json\/wp\/v2\/product_tag?post=10732"}],"curies":[{"name":"wp","href":"https:\/\/api.w.org\/{rel}","templated":true}]}}