{"id":10719,"date":"2024-10-05T03:29:27","date_gmt":"2024-10-05T03:29:27","guid":{"rendered":"https:\/\/eltiosam.com.mx\/?post_type=product&#038;p=10719"},"modified":"2024-10-05T03:33:42","modified_gmt":"2024-10-05T03:33:42","slug":"stc-7100triturador-1-2-commodore","status":"publish","type":"product","link":"https:\/\/eltiosam.com.mx\/index.php\/product\/stc-7100triturador-1-2-commodore\/","title":{"rendered":"STC 7100\tTRITURADOR 1\/2 COMMODORE"},"content":{"rendered":"<p><strong>Descripci\u00f3n:<\/strong><\/p>\n<p>El <strong>COMMODORE STC 7100 Triturador de Alimentos<\/strong> es una opci\u00f3n potente, eficiente y silenciosa para gestionar los residuos de comida en tu hogar. Con su motor de alta velocidad, tecnolog\u00eda de reducci\u00f3n de ruido y componentes duraderos, es una soluci\u00f3n pr\u00e1ctica y segura para mantener tu fregadero limpio y libre de obstrucciones.<\/p>\n","protected":false},"excerpt":{"rendered":"<p>Descripci\u00f3n: El COMMODORE STC 7100 Triturador de Alimentos es una opci\u00f3n potente, eficiente y silenciosa para gestionar los residuos de comida en tu hogar. Con su motor de alta velocidad, tecnolog\u00eda de reducci\u00f3n de ruido y componentes duraderos, es una soluci\u00f3n pr\u00e1ctica y segura para mantener tu fregadero limpio y libre de obstrucciones.<\/p>\n","protected":false},"featured_media":10720,"template":"","meta":{"_joinchat":[]},"product_brand":[],"product_cat":[202],"product_tag":[232],"class_list":{"0":"post-10719","1":"product","2":"type-product","3":"status-publish","4":"has-post-thumbnail","6":"product_cat-trituradores","7":"product_tag-commodore","9":"first","10":"instock","11":"shipping-taxable","12":"product-type-simple"},"_links":{"self":[{"href":"https:\/\/eltiosam.com.mx\/index.php\/wp-json\/wp\/v2\/product\/10719","targetHints":{"allow":["GET"]}}],"collection":[{"href":"https:\/\/eltiosam.com.mx\/index.php\/wp-json\/wp\/v2\/product"}],"about":[{"href":"https:\/\/eltiosam.com.mx\/index.php\/wp-json\/wp\/v2\/types\/product"}],"wp:featuredmedia":[{"embeddable":true,"href":"https:\/\/eltiosam.com.mx\/index.php\/wp-json\/wp\/v2\/media\/10720"}],"wp:attachment":[{"href":"https:\/\/eltiosam.com.mx\/index.php\/wp-json\/wp\/v2\/media?parent=10719"}],"wp:term":[{"taxonomy":"product_brand","embeddable":true,"href":"https:\/\/eltiosam.com.mx\/index.php\/wp-json\/wp\/v2\/product_brand?post=10719"},{"taxonomy":"product_cat","embeddable":true,"href":"https:\/\/eltiosam.com.mx\/index.php\/wp-json\/wp\/v2\/product_cat?post=10719"},{"taxonomy":"product_tag","embeddable":true,"href":"https:\/\/eltiosam.com.mx\/index.php\/wp-json\/wp\/v2\/product_tag?post=10719"}],"curies":[{"name":"wp","href":"https:\/\/api.w.org\/{rel}","templated":true}]}}