{"id":10713,"date":"2024-10-05T03:23:40","date_gmt":"2024-10-05T03:23:40","guid":{"rendered":"https:\/\/eltiosam.com.mx\/?post_type=product&#038;p=10713"},"modified":"2025-07-22T18:03:24","modified_gmt":"2025-07-22T18:03:24","slug":"mezcladora-extraible-stone-schocksc550","status":"publish","type":"product","link":"https:\/\/eltiosam.com.mx\/index.php\/product\/mezcladora-extraible-stone-schocksc550\/","title":{"rendered":"MEZCLADORA EXTRAIBLE STONE SCHOCK\tSC550"},"content":{"rendered":"<p><strong>Descripci\u00f3n:<\/strong><\/p>\n<p>La <strong>SCHOCK SC550 Mezcladora Extra\u00edble en color Stone<\/strong> combina un dise\u00f1o moderno con la funcionalidad de una boquilla extra\u00edble, ideal para facilitar las tareas en la cocina. Su acabado en tono piedra agrega un toque contempor\u00e1neo y resistente.<\/p>\n","protected":false},"excerpt":{"rendered":"<p>Descripci\u00f3n: La SCHOCK SC550 Mezcladora Extra\u00edble en color Stone combina un dise\u00f1o moderno con la funcionalidad de una boquilla extra\u00edble, ideal para facilitar las tareas en la cocina. Su acabado en tono piedra agrega un toque contempor\u00e1neo y resistente.<\/p>\n","protected":false},"featured_media":10714,"template":"","meta":{"_joinchat":[]},"product_brand":[],"product_cat":[183,42],"product_tag":[128],"class_list":{"0":"post-10713","1":"product","2":"type-product","3":"status-publish","4":"has-post-thumbnail","6":"product_cat-mezcladoras","7":"product_cat-varios","8":"product_tag-schock","10":"first","11":"instock","12":"shipping-taxable","13":"product-type-simple"},"_links":{"self":[{"href":"https:\/\/eltiosam.com.mx\/index.php\/wp-json\/wp\/v2\/product\/10713","targetHints":{"allow":["GET"]}}],"collection":[{"href":"https:\/\/eltiosam.com.mx\/index.php\/wp-json\/wp\/v2\/product"}],"about":[{"href":"https:\/\/eltiosam.com.mx\/index.php\/wp-json\/wp\/v2\/types\/product"}],"wp:featuredmedia":[{"embeddable":true,"href":"https:\/\/eltiosam.com.mx\/index.php\/wp-json\/wp\/v2\/media\/10714"}],"wp:attachment":[{"href":"https:\/\/eltiosam.com.mx\/index.php\/wp-json\/wp\/v2\/media?parent=10713"}],"wp:term":[{"taxonomy":"product_brand","embeddable":true,"href":"https:\/\/eltiosam.com.mx\/index.php\/wp-json\/wp\/v2\/product_brand?post=10713"},{"taxonomy":"product_cat","embeddable":true,"href":"https:\/\/eltiosam.com.mx\/index.php\/wp-json\/wp\/v2\/product_cat?post=10713"},{"taxonomy":"product_tag","embeddable":true,"href":"https:\/\/eltiosam.com.mx\/index.php\/wp-json\/wp\/v2\/product_tag?post=10713"}],"curies":[{"name":"wp","href":"https:\/\/api.w.org\/{rel}","templated":true}]}}