{"id":10705,"date":"2024-10-05T03:14:29","date_gmt":"2024-10-05T03:14:29","guid":{"rendered":"https:\/\/eltiosam.com.mx\/?post_type=product&#038;p=10705"},"modified":"2025-07-22T18:03:49","modified_gmt":"2025-07-22T18:03:49","slug":"mezcladora-extraible-night-schock-sc540","status":"publish","type":"product","link":"https:\/\/eltiosam.com.mx\/index.php\/product\/mezcladora-extraible-night-schock-sc540\/","title":{"rendered":"MEZCLADORA EXTRAIBLE NIGHT SCHOCK SC540"},"content":{"rendered":"<p><strong>Descripci\u00f3n:<\/strong><\/p>\n<p>La <strong>SCHOCK SC540 Mezcladora Extra\u00edble en color Night<\/strong> combina un elegante acabado oscuro con la practicidad de una boquilla extra\u00edble. Ideal para cocinas modernas, su dise\u00f1o aporta estilo y funcionalidad, permitiendo un uso m\u00e1s c\u00f3modo en el d\u00eda a d\u00eda.<\/p>\n","protected":false},"excerpt":{"rendered":"<p>Descripci\u00f3n: La SCHOCK SC540 Mezcladora Extra\u00edble en color Night combina un elegante acabado oscuro con la practicidad de una boquilla extra\u00edble. Ideal para cocinas modernas, su dise\u00f1o aporta estilo y funcionalidad, permitiendo un uso m\u00e1s c\u00f3modo en el d\u00eda a d\u00eda.<\/p>\n","protected":false},"featured_media":10706,"template":"","meta":{"_joinchat":[]},"product_brand":[],"product_cat":[183,42],"product_tag":[128],"class_list":{"0":"post-10705","1":"product","2":"type-product","3":"status-publish","4":"has-post-thumbnail","6":"product_cat-mezcladoras","7":"product_cat-varios","8":"product_tag-schock","10":"first","11":"instock","12":"shipping-taxable","13":"product-type-simple"},"_links":{"self":[{"href":"https:\/\/eltiosam.com.mx\/index.php\/wp-json\/wp\/v2\/product\/10705","targetHints":{"allow":["GET"]}}],"collection":[{"href":"https:\/\/eltiosam.com.mx\/index.php\/wp-json\/wp\/v2\/product"}],"about":[{"href":"https:\/\/eltiosam.com.mx\/index.php\/wp-json\/wp\/v2\/types\/product"}],"wp:featuredmedia":[{"embeddable":true,"href":"https:\/\/eltiosam.com.mx\/index.php\/wp-json\/wp\/v2\/media\/10706"}],"wp:attachment":[{"href":"https:\/\/eltiosam.com.mx\/index.php\/wp-json\/wp\/v2\/media?parent=10705"}],"wp:term":[{"taxonomy":"product_brand","embeddable":true,"href":"https:\/\/eltiosam.com.mx\/index.php\/wp-json\/wp\/v2\/product_brand?post=10705"},{"taxonomy":"product_cat","embeddable":true,"href":"https:\/\/eltiosam.com.mx\/index.php\/wp-json\/wp\/v2\/product_cat?post=10705"},{"taxonomy":"product_tag","embeddable":true,"href":"https:\/\/eltiosam.com.mx\/index.php\/wp-json\/wp\/v2\/product_tag?post=10705"}],"curies":[{"name":"wp","href":"https:\/\/api.w.org\/{rel}","templated":true}]}}