{"id":10693,"date":"2024-10-05T03:04:15","date_gmt":"2024-10-05T03:04:15","guid":{"rendered":"https:\/\/eltiosam.com.mx\/?post_type=product&#038;p=10693"},"modified":"2025-07-22T18:04:15","modified_gmt":"2025-07-22T18:04:15","slug":"mezcladora-extraible-bronze-schocksc530","status":"publish","type":"product","link":"https:\/\/eltiosam.com.mx\/index.php\/product\/mezcladora-extraible-bronze-schocksc530\/","title":{"rendered":"MEZCLADORA EXTRAIBLE BRONZE SCHOCK\tSC530"},"content":{"rendered":"<p><strong>Descripci\u00f3n:<\/strong><\/p>\n<p>La <strong>SCHOCK SC530 Mezcladora Extra\u00edble en color Bronze<\/strong> destaca por su elegante acabado bronce que a\u00f1ade un toque sofisticado a cualquier cocina. Su boquilla extra\u00edble brinda versatilidad y comodidad, ideal para tareas diarias.<\/p>\n","protected":false},"excerpt":{"rendered":"<p>Descripci\u00f3n: La SCHOCK SC530 Mezcladora Extra\u00edble en color Bronze destaca por su elegante acabado bronce que a\u00f1ade un toque sofisticado a cualquier cocina. Su boquilla extra\u00edble brinda versatilidad y comodidad, ideal para tareas diarias.<\/p>\n","protected":false},"featured_media":10694,"template":"","meta":{"_joinchat":[]},"product_brand":[],"product_cat":[183,42],"product_tag":[128],"class_list":{"0":"post-10693","1":"product","2":"type-product","3":"status-publish","4":"has-post-thumbnail","6":"product_cat-mezcladoras","7":"product_cat-varios","8":"product_tag-schock","10":"first","11":"instock","12":"shipping-taxable","13":"product-type-simple"},"_links":{"self":[{"href":"https:\/\/eltiosam.com.mx\/index.php\/wp-json\/wp\/v2\/product\/10693","targetHints":{"allow":["GET"]}}],"collection":[{"href":"https:\/\/eltiosam.com.mx\/index.php\/wp-json\/wp\/v2\/product"}],"about":[{"href":"https:\/\/eltiosam.com.mx\/index.php\/wp-json\/wp\/v2\/types\/product"}],"wp:featuredmedia":[{"embeddable":true,"href":"https:\/\/eltiosam.com.mx\/index.php\/wp-json\/wp\/v2\/media\/10694"}],"wp:attachment":[{"href":"https:\/\/eltiosam.com.mx\/index.php\/wp-json\/wp\/v2\/media?parent=10693"}],"wp:term":[{"taxonomy":"product_brand","embeddable":true,"href":"https:\/\/eltiosam.com.mx\/index.php\/wp-json\/wp\/v2\/product_brand?post=10693"},{"taxonomy":"product_cat","embeddable":true,"href":"https:\/\/eltiosam.com.mx\/index.php\/wp-json\/wp\/v2\/product_cat?post=10693"},{"taxonomy":"product_tag","embeddable":true,"href":"https:\/\/eltiosam.com.mx\/index.php\/wp-json\/wp\/v2\/product_tag?post=10693"}],"curies":[{"name":"wp","href":"https:\/\/api.w.org\/{rel}","templated":true}]}}