{"id":10686,"date":"2024-10-05T02:57:38","date_gmt":"2024-10-05T02:57:38","guid":{"rendered":"https:\/\/eltiosam.com.mx\/?post_type=product&#038;p=10686"},"modified":"2025-07-22T18:04:38","modified_gmt":"2025-07-22T18:04:38","slug":"mezcladora-extraible-magma-schocksc530","status":"publish","type":"product","link":"https:\/\/eltiosam.com.mx\/index.php\/product\/mezcladora-extraible-magma-schocksc530\/","title":{"rendered":"MEZCLADORA EXTRAIBLE MAGMA SCHOCK\tSC530"},"content":{"rendered":"<p><strong>Descripci\u00f3n:<\/strong><\/p>\n<p>La <strong>SCHOCK SC530 Mezcladora Extra\u00edble en color Magma<\/strong> destaca por su dise\u00f1o moderno y funcional. Con su pr\u00e1ctico acabado mate y boquilla extra\u00edble, es perfecta para quienes buscan un grifo resistente, elegante y f\u00e1cil de usar.<\/p>\n","protected":false},"excerpt":{"rendered":"<p>Descripci\u00f3n: La SCHOCK SC530 Mezcladora Extra\u00edble en color Magma destaca por su dise\u00f1o moderno y funcional. Con su pr\u00e1ctico acabado mate y boquilla extra\u00edble, es perfecta para quienes buscan un grifo resistente, elegante y f\u00e1cil de usar.<\/p>\n","protected":false},"featured_media":10687,"template":"","meta":{"_joinchat":[]},"product_brand":[],"product_cat":[183,42],"product_tag":[128],"class_list":{"0":"post-10686","1":"product","2":"type-product","3":"status-publish","4":"has-post-thumbnail","6":"product_cat-mezcladoras","7":"product_cat-varios","8":"product_tag-schock","10":"first","11":"instock","12":"shipping-taxable","13":"product-type-simple"},"_links":{"self":[{"href":"https:\/\/eltiosam.com.mx\/index.php\/wp-json\/wp\/v2\/product\/10686","targetHints":{"allow":["GET"]}}],"collection":[{"href":"https:\/\/eltiosam.com.mx\/index.php\/wp-json\/wp\/v2\/product"}],"about":[{"href":"https:\/\/eltiosam.com.mx\/index.php\/wp-json\/wp\/v2\/types\/product"}],"wp:featuredmedia":[{"embeddable":true,"href":"https:\/\/eltiosam.com.mx\/index.php\/wp-json\/wp\/v2\/media\/10687"}],"wp:attachment":[{"href":"https:\/\/eltiosam.com.mx\/index.php\/wp-json\/wp\/v2\/media?parent=10686"}],"wp:term":[{"taxonomy":"product_brand","embeddable":true,"href":"https:\/\/eltiosam.com.mx\/index.php\/wp-json\/wp\/v2\/product_brand?post=10686"},{"taxonomy":"product_cat","embeddable":true,"href":"https:\/\/eltiosam.com.mx\/index.php\/wp-json\/wp\/v2\/product_cat?post=10686"},{"taxonomy":"product_tag","embeddable":true,"href":"https:\/\/eltiosam.com.mx\/index.php\/wp-json\/wp\/v2\/product_tag?post=10686"}],"curies":[{"name":"wp","href":"https:\/\/api.w.org\/{rel}","templated":true}]}}