{"id":10684,"date":"2024-10-05T02:56:05","date_gmt":"2024-10-05T02:56:05","guid":{"rendered":"https:\/\/eltiosam.com.mx\/?post_type=product&#038;p=10684"},"modified":"2025-07-22T18:04:43","modified_gmt":"2025-07-22T18:04:43","slug":"mezcladora-extraible-bronze-schocksc520","status":"publish","type":"product","link":"https:\/\/eltiosam.com.mx\/index.php\/product\/mezcladora-extraible-bronze-schocksc520\/","title":{"rendered":"MEZCLADORA EXTRAIBLE BRONZE SCHOCK\tSC520"},"content":{"rendered":"<p><strong>Descripci\u00f3n:<\/strong><\/p>\n<p>La <strong>SCHOCK SC520 Mezcladora Extra\u00edble en color Bronze<\/strong> ofrece una mezcla de elegancia cl\u00e1sica y funcionalidad moderna. Su boquilla extra\u00edble proporciona comodidad, mientras que el acabado bronce a\u00f1ade un toque de sofisticaci\u00f3n.<\/p>\n","protected":false},"excerpt":{"rendered":"<p>Descripci\u00f3n: La SCHOCK SC520 Mezcladora Extra\u00edble en color Bronze ofrece una mezcla de elegancia cl\u00e1sica y funcionalidad moderna. Su boquilla extra\u00edble proporciona comodidad, mientras que el acabado bronce a\u00f1ade un toque de sofisticaci\u00f3n.<\/p>\n","protected":false},"featured_media":10685,"template":"","meta":{"_joinchat":[]},"product_brand":[],"product_cat":[183,42],"product_tag":[128],"class_list":{"0":"post-10684","1":"product","2":"type-product","3":"status-publish","4":"has-post-thumbnail","6":"product_cat-mezcladoras","7":"product_cat-varios","8":"product_tag-schock","10":"first","11":"instock","12":"shipping-taxable","13":"product-type-simple"},"_links":{"self":[{"href":"https:\/\/eltiosam.com.mx\/index.php\/wp-json\/wp\/v2\/product\/10684","targetHints":{"allow":["GET"]}}],"collection":[{"href":"https:\/\/eltiosam.com.mx\/index.php\/wp-json\/wp\/v2\/product"}],"about":[{"href":"https:\/\/eltiosam.com.mx\/index.php\/wp-json\/wp\/v2\/types\/product"}],"wp:featuredmedia":[{"embeddable":true,"href":"https:\/\/eltiosam.com.mx\/index.php\/wp-json\/wp\/v2\/media\/10685"}],"wp:attachment":[{"href":"https:\/\/eltiosam.com.mx\/index.php\/wp-json\/wp\/v2\/media?parent=10684"}],"wp:term":[{"taxonomy":"product_brand","embeddable":true,"href":"https:\/\/eltiosam.com.mx\/index.php\/wp-json\/wp\/v2\/product_brand?post=10684"},{"taxonomy":"product_cat","embeddable":true,"href":"https:\/\/eltiosam.com.mx\/index.php\/wp-json\/wp\/v2\/product_cat?post=10684"},{"taxonomy":"product_tag","embeddable":true,"href":"https:\/\/eltiosam.com.mx\/index.php\/wp-json\/wp\/v2\/product_tag?post=10684"}],"curies":[{"name":"wp","href":"https:\/\/api.w.org\/{rel}","templated":true}]}}