{"id":10675,"date":"2024-10-05T02:47:39","date_gmt":"2024-10-05T02:47:39","guid":{"rendered":"https:\/\/eltiosam.com.mx\/?post_type=product&#038;p=10675"},"modified":"2025-07-22T18:05:07","modified_gmt":"2025-07-22T18:05:07","slug":"mezcladora-extraible-bronze-schocksc510","status":"publish","type":"product","link":"https:\/\/eltiosam.com.mx\/index.php\/product\/mezcladora-extraible-bronze-schocksc510\/","title":{"rendered":"MEZCLADORA EXTRAIBLE BRONZE SCHOCK\tSC510"},"content":{"rendered":"<p><strong>Descripci\u00f3n:<\/strong><\/p>\n<p>La <strong>SCHOCK SC510 Mezcladora Extra\u00edble en color Bronze<\/strong> aporta un toque de elegancia cl\u00e1sica con su acabado bronce, mientras ofrece m\u00e1xima funcionalidad gracias a su boquilla extra\u00edble. Ideal para cocinas modernas y sofisticadas, esta grifer\u00eda combina dise\u00f1o, durabilidad y comodidad.<\/p>\n","protected":false},"excerpt":{"rendered":"<p>Descripci\u00f3n: La SCHOCK SC510 Mezcladora Extra\u00edble en color Bronze aporta un toque de elegancia cl\u00e1sica con su acabado bronce, mientras ofrece m\u00e1xima funcionalidad gracias a su boquilla extra\u00edble. Ideal para cocinas modernas y sofisticadas, esta grifer\u00eda combina dise\u00f1o, durabilidad y comodidad.<\/p>\n","protected":false},"featured_media":10676,"template":"","meta":{"_joinchat":[]},"product_brand":[],"product_cat":[183,42],"product_tag":[128],"class_list":{"0":"post-10675","1":"product","2":"type-product","3":"status-publish","4":"has-post-thumbnail","6":"product_cat-mezcladoras","7":"product_cat-varios","8":"product_tag-schock","10":"first","11":"instock","12":"shipping-taxable","13":"product-type-simple"},"_links":{"self":[{"href":"https:\/\/eltiosam.com.mx\/index.php\/wp-json\/wp\/v2\/product\/10675","targetHints":{"allow":["GET"]}}],"collection":[{"href":"https:\/\/eltiosam.com.mx\/index.php\/wp-json\/wp\/v2\/product"}],"about":[{"href":"https:\/\/eltiosam.com.mx\/index.php\/wp-json\/wp\/v2\/types\/product"}],"wp:featuredmedia":[{"embeddable":true,"href":"https:\/\/eltiosam.com.mx\/index.php\/wp-json\/wp\/v2\/media\/10676"}],"wp:attachment":[{"href":"https:\/\/eltiosam.com.mx\/index.php\/wp-json\/wp\/v2\/media?parent=10675"}],"wp:term":[{"taxonomy":"product_brand","embeddable":true,"href":"https:\/\/eltiosam.com.mx\/index.php\/wp-json\/wp\/v2\/product_brand?post=10675"},{"taxonomy":"product_cat","embeddable":true,"href":"https:\/\/eltiosam.com.mx\/index.php\/wp-json\/wp\/v2\/product_cat?post=10675"},{"taxonomy":"product_tag","embeddable":true,"href":"https:\/\/eltiosam.com.mx\/index.php\/wp-json\/wp\/v2\/product_tag?post=10675"}],"curies":[{"name":"wp","href":"https:\/\/api.w.org\/{rel}","templated":true}]}}