{"id":10668,"date":"2024-10-05T02:39:32","date_gmt":"2024-10-05T02:39:32","guid":{"rendered":"https:\/\/eltiosam.com.mx\/?post_type=product&#038;p=10668"},"modified":"2025-07-22T18:05:28","modified_gmt":"2025-07-22T18:05:28","slug":"mezcladora-extraible-magma-schocksc510","status":"publish","type":"product","link":"https:\/\/eltiosam.com.mx\/index.php\/product\/mezcladora-extraible-magma-schocksc510\/","title":{"rendered":"MEZCLADORA EXTRAIBLE MAGMA SCHOCK\tSC510"},"content":{"rendered":"<p><strong>Descripci\u00f3n:<\/strong><\/p>\n<p>La <strong>SCHOCK SC510 Mezcladora Extra\u00edble en color Magma<\/strong> combina elegancia y funcionalidad con su dise\u00f1o moderno, boquilla extra\u00edble y acabado resistente. Fabricada con materiales duraderos, es ideal para quienes buscan practicidad y estilo en su cocina.<\/p>\n","protected":false},"excerpt":{"rendered":"<p>Descripci\u00f3n: La SCHOCK SC510 Mezcladora Extra\u00edble en color Magma combina elegancia y funcionalidad con su dise\u00f1o moderno, boquilla extra\u00edble y acabado resistente. Fabricada con materiales duraderos, es ideal para quienes buscan practicidad y estilo en su cocina.<\/p>\n","protected":false},"featured_media":10669,"template":"","meta":{"_joinchat":[]},"product_brand":[],"product_cat":[183,42],"product_tag":[128],"class_list":{"0":"post-10668","1":"product","2":"type-product","3":"status-publish","4":"has-post-thumbnail","6":"product_cat-mezcladoras","7":"product_cat-varios","8":"product_tag-schock","10":"first","11":"instock","12":"shipping-taxable","13":"product-type-simple"},"_links":{"self":[{"href":"https:\/\/eltiosam.com.mx\/index.php\/wp-json\/wp\/v2\/product\/10668","targetHints":{"allow":["GET"]}}],"collection":[{"href":"https:\/\/eltiosam.com.mx\/index.php\/wp-json\/wp\/v2\/product"}],"about":[{"href":"https:\/\/eltiosam.com.mx\/index.php\/wp-json\/wp\/v2\/types\/product"}],"wp:featuredmedia":[{"embeddable":true,"href":"https:\/\/eltiosam.com.mx\/index.php\/wp-json\/wp\/v2\/media\/10669"}],"wp:attachment":[{"href":"https:\/\/eltiosam.com.mx\/index.php\/wp-json\/wp\/v2\/media?parent=10668"}],"wp:term":[{"taxonomy":"product_brand","embeddable":true,"href":"https:\/\/eltiosam.com.mx\/index.php\/wp-json\/wp\/v2\/product_brand?post=10668"},{"taxonomy":"product_cat","embeddable":true,"href":"https:\/\/eltiosam.com.mx\/index.php\/wp-json\/wp\/v2\/product_cat?post=10668"},{"taxonomy":"product_tag","embeddable":true,"href":"https:\/\/eltiosam.com.mx\/index.php\/wp-json\/wp\/v2\/product_tag?post=10668"}],"curies":[{"name":"wp","href":"https:\/\/api.w.org\/{rel}","templated":true}]}}