{"id":10663,"date":"2024-10-02T00:46:10","date_gmt":"2024-10-02T00:46:10","guid":{"rendered":"https:\/\/eltiosam.com.mx\/?post_type=product&#038;p=10663"},"modified":"2025-07-22T18:05:42","modified_gmt":"2025-07-22T18:05:42","slug":"esponja-magica-schock629023","status":"publish","type":"product","link":"https:\/\/eltiosam.com.mx\/index.php\/product\/esponja-magica-schock629023\/","title":{"rendered":"ESPONJA MAGICA SCHOCK\t629023"},"content":{"rendered":"<p><strong>Descripci\u00f3n:<\/strong><\/p>\n<p>La <strong>esponja m\u00e1gica SCHOCK 629023<\/strong> es una herramienta indispensable para el mantenimiento de tarjas SCHOCK. Su dise\u00f1o est\u00e1 pensado para eliminar manchas dif\u00edciles sin da\u00f1ar la superficie, manteniendo las tarjas Cristadur\u00ae y Cristalite\u00ae como nuevas. Es f\u00e1cil de usar y solo requiere agua para una limpieza eficaz.<\/p>\n","protected":false},"excerpt":{"rendered":"<p>Descripci\u00f3n: La esponja m\u00e1gica SCHOCK 629023 es una herramienta indispensable para el mantenimiento de tarjas SCHOCK. Su dise\u00f1o est\u00e1 pensado para eliminar manchas dif\u00edciles sin da\u00f1ar la superficie, manteniendo las tarjas Cristadur\u00ae y Cristalite\u00ae como nuevas. Es f\u00e1cil de usar y solo requiere agua para una limpieza eficaz.<\/p>\n","protected":false},"featured_media":10664,"template":"","meta":{"_joinchat":[]},"product_brand":[],"product_cat":[202],"product_tag":[128],"class_list":{"0":"post-10663","1":"product","2":"type-product","3":"status-publish","4":"has-post-thumbnail","6":"product_cat-trituradores","7":"product_tag-schock","9":"first","10":"instock","11":"shipping-taxable","12":"product-type-simple"},"_links":{"self":[{"href":"https:\/\/eltiosam.com.mx\/index.php\/wp-json\/wp\/v2\/product\/10663","targetHints":{"allow":["GET"]}}],"collection":[{"href":"https:\/\/eltiosam.com.mx\/index.php\/wp-json\/wp\/v2\/product"}],"about":[{"href":"https:\/\/eltiosam.com.mx\/index.php\/wp-json\/wp\/v2\/types\/product"}],"wp:featuredmedia":[{"embeddable":true,"href":"https:\/\/eltiosam.com.mx\/index.php\/wp-json\/wp\/v2\/media\/10664"}],"wp:attachment":[{"href":"https:\/\/eltiosam.com.mx\/index.php\/wp-json\/wp\/v2\/media?parent=10663"}],"wp:term":[{"taxonomy":"product_brand","embeddable":true,"href":"https:\/\/eltiosam.com.mx\/index.php\/wp-json\/wp\/v2\/product_brand?post=10663"},{"taxonomy":"product_cat","embeddable":true,"href":"https:\/\/eltiosam.com.mx\/index.php\/wp-json\/wp\/v2\/product_cat?post=10663"},{"taxonomy":"product_tag","embeddable":true,"href":"https:\/\/eltiosam.com.mx\/index.php\/wp-json\/wp\/v2\/product_tag?post=10663"}],"curies":[{"name":"wp","href":"https:\/\/api.w.org\/{rel}","templated":true}]}}