{"id":10604,"date":"2024-10-01T23:31:01","date_gmt":"2024-10-01T23:31:01","guid":{"rendered":"https:\/\/eltiosam.com.mx\/?post_type=product&#038;p=10604"},"modified":"2025-07-22T18:08:09","modified_gmt":"2025-07-22T18:08:09","slug":"tarja-2-t-83-8cm-nero-schockmadison-n175","status":"publish","type":"product","link":"https:\/\/eltiosam.com.mx\/index.php\/product\/tarja-2-t-83-8cm-nero-schockmadison-n175\/","title":{"rendered":"TARJA 2 T. 83.8cm. NERO SCHOCK\tMADISON N175"},"content":{"rendered":"<p>Descripci\u00f3n:<\/p>\n<p>La <strong>tarja SCHOCK Madison N175 de 2 tinas en color Nero<\/strong> es la elecci\u00f3n ideal para quienes buscan una tarja que ofrezca funcionalidad, durabilidad y dise\u00f1o elegante. Con su acabado en negro profundo, esta tarja no solo a\u00f1ade un toque sofisticado a cualquier cocina, sino que tambi\u00e9n garantiza resistencia y facilidad de limpieza gracias al material Cristalite\u00ae<\/p>\n","protected":false},"excerpt":{"rendered":"<p>Descripci\u00f3n: La tarja SCHOCK Madison N175 de 2 tinas en color Nero es la elecci\u00f3n ideal para quienes buscan una tarja que ofrezca funcionalidad, durabilidad y dise\u00f1o elegante. Con su acabado en negro profundo, esta tarja no solo a\u00f1ade un toque sofisticado a cualquier cocina, sino que tambi\u00e9n garantiza resistencia y facilidad de limpieza gracias [&hellip;]<\/p>\n","protected":false},"featured_media":10605,"template":"","meta":{"_joinchat":[]},"product_brand":[],"product_cat":[47],"product_tag":[128],"class_list":{"0":"post-10604","1":"product","2":"type-product","3":"status-publish","4":"has-post-thumbnail","6":"product_cat-tarjas","7":"product_tag-schock","9":"first","10":"instock","11":"shipping-taxable","12":"product-type-simple"},"_links":{"self":[{"href":"https:\/\/eltiosam.com.mx\/index.php\/wp-json\/wp\/v2\/product\/10604","targetHints":{"allow":["GET"]}}],"collection":[{"href":"https:\/\/eltiosam.com.mx\/index.php\/wp-json\/wp\/v2\/product"}],"about":[{"href":"https:\/\/eltiosam.com.mx\/index.php\/wp-json\/wp\/v2\/types\/product"}],"wp:featuredmedia":[{"embeddable":true,"href":"https:\/\/eltiosam.com.mx\/index.php\/wp-json\/wp\/v2\/media\/10605"}],"wp:attachment":[{"href":"https:\/\/eltiosam.com.mx\/index.php\/wp-json\/wp\/v2\/media?parent=10604"}],"wp:term":[{"taxonomy":"product_brand","embeddable":true,"href":"https:\/\/eltiosam.com.mx\/index.php\/wp-json\/wp\/v2\/product_brand?post=10604"},{"taxonomy":"product_cat","embeddable":true,"href":"https:\/\/eltiosam.com.mx\/index.php\/wp-json\/wp\/v2\/product_cat?post=10604"},{"taxonomy":"product_tag","embeddable":true,"href":"https:\/\/eltiosam.com.mx\/index.php\/wp-json\/wp\/v2\/product_tag?post=10604"}],"curies":[{"name":"wp","href":"https:\/\/api.w.org\/{rel}","templated":true}]}}