{"id":10599,"date":"2024-10-01T23:26:27","date_gmt":"2024-10-01T23:26:27","guid":{"rendered":"https:\/\/eltiosam.com.mx\/?post_type=product&#038;p=10599"},"modified":"2025-07-22T18:08:19","modified_gmt":"2025-07-22T18:08:19","slug":"tarja-2-t-83-8cm-nero-schockchelsea-n200","status":"publish","type":"product","link":"https:\/\/eltiosam.com.mx\/index.php\/product\/tarja-2-t-83-8cm-nero-schockchelsea-n200\/","title":{"rendered":"TARJA 2 T. 83.8cm. NERO SCHOCK\tCHELSEA N200"},"content":{"rendered":"<p>Descripci\u00f3n:<\/p>\n<p>La <strong>tarja SCHOCK Chelsea N200 de 2 tinas en color Nero<\/strong> es la elecci\u00f3n perfecta para quienes buscan un dise\u00f1o funcional y elegante en su cocina. Su doble tina permite una mayor versatilidad en las tareas diarias, mientras que el acabado en negro y el material Cristadur\u00ae garantizan una durabilidad superior y un estilo sofisticado.<\/p>\n","protected":false},"excerpt":{"rendered":"<p>Descripci\u00f3n: La tarja SCHOCK Chelsea N200 de 2 tinas en color Nero es la elecci\u00f3n perfecta para quienes buscan un dise\u00f1o funcional y elegante en su cocina. Su doble tina permite una mayor versatilidad en las tareas diarias, mientras que el acabado en negro y el material Cristadur\u00ae garantizan una durabilidad superior y un estilo [&hellip;]<\/p>\n","protected":false},"featured_media":10600,"template":"","meta":{"_joinchat":[]},"product_brand":[],"product_cat":[47],"product_tag":[128],"class_list":{"0":"post-10599","1":"product","2":"type-product","3":"status-publish","4":"has-post-thumbnail","6":"product_cat-tarjas","7":"product_tag-schock","9":"first","10":"instock","11":"shipping-taxable","12":"product-type-simple"},"_links":{"self":[{"href":"https:\/\/eltiosam.com.mx\/index.php\/wp-json\/wp\/v2\/product\/10599","targetHints":{"allow":["GET"]}}],"collection":[{"href":"https:\/\/eltiosam.com.mx\/index.php\/wp-json\/wp\/v2\/product"}],"about":[{"href":"https:\/\/eltiosam.com.mx\/index.php\/wp-json\/wp\/v2\/types\/product"}],"wp:featuredmedia":[{"embeddable":true,"href":"https:\/\/eltiosam.com.mx\/index.php\/wp-json\/wp\/v2\/media\/10600"}],"wp:attachment":[{"href":"https:\/\/eltiosam.com.mx\/index.php\/wp-json\/wp\/v2\/media?parent=10599"}],"wp:term":[{"taxonomy":"product_brand","embeddable":true,"href":"https:\/\/eltiosam.com.mx\/index.php\/wp-json\/wp\/v2\/product_brand?post=10599"},{"taxonomy":"product_cat","embeddable":true,"href":"https:\/\/eltiosam.com.mx\/index.php\/wp-json\/wp\/v2\/product_cat?post=10599"},{"taxonomy":"product_tag","embeddable":true,"href":"https:\/\/eltiosam.com.mx\/index.php\/wp-json\/wp\/v2\/product_tag?post=10599"}],"curies":[{"name":"wp","href":"https:\/\/api.w.org\/{rel}","templated":true}]}}