{"id":10582,"date":"2024-10-01T22:59:19","date_gmt":"2024-10-01T22:59:19","guid":{"rendered":"https:\/\/eltiosam.com.mx\/?post_type=product&#038;p=10582"},"modified":"2025-12-22T18:00:08","modified_gmt":"2025-12-22T18:00:08","slug":"dispensador-jabon-bronze-eclipse-esd-bz-pvd","status":"publish","type":"product","link":"https:\/\/eltiosam.com.mx\/index.php\/product\/dispensador-jabon-bronze-eclipse-esd-bz-pvd\/","title":{"rendered":"DISPENSADOR JABON BRONZE ECLIPSE ESD BZ PVD"},"content":{"rendered":"<p><strong>Descripci\u00f3n:<\/strong> El <strong>dispensador de jab\u00f3n Eclipse ESD BZ PVD<\/strong> en acabado bronce es la soluci\u00f3n perfecta para quienes buscan combinar estilo y funcionalidad en su cocina. Su acabado en bronce PVD no solo a\u00f1ade un toque c\u00e1lido y sofisticado, sino que tambi\u00e9n garantiza una durabilidad a largo plazo.<\/p>\n","protected":false},"excerpt":{"rendered":"<p>Descripci\u00f3n: El dispensador de jab\u00f3n Eclipse ESD BZ PVD en acabado bronce es la soluci\u00f3n perfecta para quienes buscan combinar estilo y funcionalidad en su cocina. Su acabado en bronce PVD no solo a\u00f1ade un toque c\u00e1lido y sofisticado, sino que tambi\u00e9n garantiza una durabilidad a largo plazo.<\/p>\n","protected":false},"featured_media":12921,"template":"","meta":{"_joinchat":[]},"product_brand":[],"product_cat":[158,161],"product_tag":[48],"class_list":{"0":"post-10582","1":"product","2":"type-product","3":"status-publish","4":"has-post-thumbnail","6":"product_cat-accesorios","7":"product_cat-best-selling-products","8":"product_tag-eclipse","10":"first","11":"outofstock","12":"shipping-taxable","13":"purchasable","14":"product-type-simple"},"_links":{"self":[{"href":"https:\/\/eltiosam.com.mx\/index.php\/wp-json\/wp\/v2\/product\/10582","targetHints":{"allow":["GET"]}}],"collection":[{"href":"https:\/\/eltiosam.com.mx\/index.php\/wp-json\/wp\/v2\/product"}],"about":[{"href":"https:\/\/eltiosam.com.mx\/index.php\/wp-json\/wp\/v2\/types\/product"}],"wp:featuredmedia":[{"embeddable":true,"href":"https:\/\/eltiosam.com.mx\/index.php\/wp-json\/wp\/v2\/media\/12921"}],"wp:attachment":[{"href":"https:\/\/eltiosam.com.mx\/index.php\/wp-json\/wp\/v2\/media?parent=10582"}],"wp:term":[{"taxonomy":"product_brand","embeddable":true,"href":"https:\/\/eltiosam.com.mx\/index.php\/wp-json\/wp\/v2\/product_brand?post=10582"},{"taxonomy":"product_cat","embeddable":true,"href":"https:\/\/eltiosam.com.mx\/index.php\/wp-json\/wp\/v2\/product_cat?post=10582"},{"taxonomy":"product_tag","embeddable":true,"href":"https:\/\/eltiosam.com.mx\/index.php\/wp-json\/wp\/v2\/product_tag?post=10582"}],"curies":[{"name":"wp","href":"https:\/\/api.w.org\/{rel}","templated":true}]}}