{"id":10556,"date":"2024-09-25T23:46:21","date_gmt":"2024-09-25T23:46:21","guid":{"rendered":"https:\/\/eltiosam.com.mx\/?post_type=product&#038;p=10556"},"modified":"2024-09-25T23:47:50","modified_gmt":"2024-09-25T23:47:50","slug":"mezcladora-eclipseks3021","status":"publish","type":"product","link":"https:\/\/eltiosam.com.mx\/index.php\/product\/mezcladora-eclipseks3021\/","title":{"rendered":"MEZCLADORA ECLIPSE\tKS3021"},"content":{"rendered":"<p><strong>Descripci\u00f3n:<\/strong><\/p>\n<p>La mezcladora Eclipse KS3021 es una excelente opci\u00f3n para quienes buscan un grifo funcional, resistente y con un toque moderno. Su dise\u00f1o de cuello alto y boquilla giratoria proporciona la flexibilidad necesaria para realizar tareas de lavado c\u00f3modamente. Adem\u00e1s, su acabado cromado brillante y su estructura de acero inoxidable garantizan durabilidad y facilidad de mantenimiento.<\/p>\n","protected":false},"excerpt":{"rendered":"<p>Descripci\u00f3n: La mezcladora Eclipse KS3021 es una excelente opci\u00f3n para quienes buscan un grifo funcional, resistente y con un toque moderno. Su dise\u00f1o de cuello alto y boquilla giratoria proporciona la flexibilidad necesaria para realizar tareas de lavado c\u00f3modamente. Adem\u00e1s, su acabado cromado brillante y su estructura de acero inoxidable garantizan durabilidad y facilidad de [&hellip;]<\/p>\n","protected":false},"featured_media":10557,"template":"","meta":{"_joinchat":[]},"product_brand":[],"product_cat":[183,42],"product_tag":[48],"class_list":{"0":"post-10556","1":"product","2":"type-product","3":"status-publish","4":"has-post-thumbnail","6":"product_cat-mezcladoras","7":"product_cat-varios","8":"product_tag-eclipse","10":"first","11":"instock","12":"shipping-taxable","13":"product-type-simple"},"_links":{"self":[{"href":"https:\/\/eltiosam.com.mx\/index.php\/wp-json\/wp\/v2\/product\/10556","targetHints":{"allow":["GET"]}}],"collection":[{"href":"https:\/\/eltiosam.com.mx\/index.php\/wp-json\/wp\/v2\/product"}],"about":[{"href":"https:\/\/eltiosam.com.mx\/index.php\/wp-json\/wp\/v2\/types\/product"}],"wp:featuredmedia":[{"embeddable":true,"href":"https:\/\/eltiosam.com.mx\/index.php\/wp-json\/wp\/v2\/media\/10557"}],"wp:attachment":[{"href":"https:\/\/eltiosam.com.mx\/index.php\/wp-json\/wp\/v2\/media?parent=10556"}],"wp:term":[{"taxonomy":"product_brand","embeddable":true,"href":"https:\/\/eltiosam.com.mx\/index.php\/wp-json\/wp\/v2\/product_brand?post=10556"},{"taxonomy":"product_cat","embeddable":true,"href":"https:\/\/eltiosam.com.mx\/index.php\/wp-json\/wp\/v2\/product_cat?post=10556"},{"taxonomy":"product_tag","embeddable":true,"href":"https:\/\/eltiosam.com.mx\/index.php\/wp-json\/wp\/v2\/product_tag?post=10556"}],"curies":[{"name":"wp","href":"https:\/\/api.w.org\/{rel}","templated":true}]}}