{"id":10538,"date":"2024-09-25T23:32:08","date_gmt":"2024-09-25T23:32:08","guid":{"rendered":"https:\/\/eltiosam.com.mx\/?post_type=product&#038;p=10538"},"modified":"2024-09-25T23:34:15","modified_gmt":"2024-09-25T23:34:15","slug":"submon-1-pila-extra-g-eclipse-sr3018-18","status":"publish","type":"product","link":"https:\/\/eltiosam.com.mx\/index.php\/product\/submon-1-pila-extra-g-eclipse-sr3018-18\/","title":{"rendered":"SUBMON. 1 PILA EXTRA G. ECLIPSE SR3018-18"},"content":{"rendered":"<p>Descripci\u00f3n:<\/p>\n<p>El fregadero Eclipse SR3018-18 de submontar con una sola pila extra grande es la elecci\u00f3n ideal para cocinas que requieren una soluci\u00f3n espaciosa y de alta funcionalidad. Su construcci\u00f3n en acero inoxidable calibre 18 garantiza durabilidad, mientras que el acabado satinado suave le da un aspecto moderno y f\u00e1cil de mantener. Con su capacidad extra grande, profundidad c\u00f3moda y tecnolog\u00eda de insonorizaci\u00f3n, este fregadero es perfecto para quienes buscan optimizar el espacio y el rendimiento en la cocina.<\/p>\n","protected":false},"excerpt":{"rendered":"<p>Descripci\u00f3n: El fregadero Eclipse SR3018-18 de submontar con una sola pila extra grande es la elecci\u00f3n ideal para cocinas que requieren una soluci\u00f3n espaciosa y de alta funcionalidad. Su construcci\u00f3n en acero inoxidable calibre 18 garantiza durabilidad, mientras que el acabado satinado suave le da un aspecto moderno y f\u00e1cil de mantener. Con su capacidad [&hellip;]<\/p>\n","protected":false},"featured_media":10539,"template":"","meta":{"_joinchat":[]},"product_brand":[],"product_cat":[47],"product_tag":[48],"class_list":{"0":"post-10538","1":"product","2":"type-product","3":"status-publish","4":"has-post-thumbnail","6":"product_cat-tarjas","7":"product_tag-eclipse","9":"first","10":"instock","11":"shipping-taxable","12":"product-type-simple"},"_links":{"self":[{"href":"https:\/\/eltiosam.com.mx\/index.php\/wp-json\/wp\/v2\/product\/10538","targetHints":{"allow":["GET"]}}],"collection":[{"href":"https:\/\/eltiosam.com.mx\/index.php\/wp-json\/wp\/v2\/product"}],"about":[{"href":"https:\/\/eltiosam.com.mx\/index.php\/wp-json\/wp\/v2\/types\/product"}],"wp:featuredmedia":[{"embeddable":true,"href":"https:\/\/eltiosam.com.mx\/index.php\/wp-json\/wp\/v2\/media\/10539"}],"wp:attachment":[{"href":"https:\/\/eltiosam.com.mx\/index.php\/wp-json\/wp\/v2\/media?parent=10538"}],"wp:term":[{"taxonomy":"product_brand","embeddable":true,"href":"https:\/\/eltiosam.com.mx\/index.php\/wp-json\/wp\/v2\/product_brand?post=10538"},{"taxonomy":"product_cat","embeddable":true,"href":"https:\/\/eltiosam.com.mx\/index.php\/wp-json\/wp\/v2\/product_cat?post=10538"},{"taxonomy":"product_tag","embeddable":true,"href":"https:\/\/eltiosam.com.mx\/index.php\/wp-json\/wp\/v2\/product_tag?post=10538"}],"curies":[{"name":"wp","href":"https:\/\/api.w.org\/{rel}","templated":true}]}}